{"id":207,"date":"2025-11-06T13:17:40","date_gmt":"2025-11-06T12:17:40","guid":{"rendered":"https:\/\/cattozzo.it\/reparation-et-maintenance-de-roll-containers\/"},"modified":"2026-01-16T10:56:25","modified_gmt":"2026-01-16T09:56:25","slug":"reparation-et-maintenance-de-roll-containers","status":"publish","type":"page","link":"https:\/\/cattozzo.it\/fr\/reparation-et-maintenance-de-roll-containers\/","title":{"rendered":"R\u00e9paration et Maintenance de Roll Containers"},"content":{"rendered":"<section class=\"l-section wpb_row us_custom_4421ed13 height_auto width_full with_img\"><div class=\"l-section-img\" role=\"img\" data-img-width=\"1920\" data-img-height=\"1080\" style=\"background-image: url(https:\/\/cattozzo.it\/wp-content\/uploads\/2025\/11\/Riparazione-e-Manutenzione-Roll-Container-web.jpg);background-repeat: no-repeat;\"><\/div><div class=\"l-section-h i-cf\"><div class=\"g-cols vc_row via_grid cols_1 laptops-cols_inherit tablets-cols_inherit mobiles-cols_1 valign_top type_default stacking_default\"><div class=\"wpb_column vc_column_container\"><div class=\"vc_column-inner\"><div class=\"wpb_text_column us_custom_6c1d9e2c has_text_color\"><div class=\"wpb_wrapper\"><p style=\"text-align: left;\">R\u00e9paration<br \/>\net Maintenance<br \/>\nde Roll Containers<\/p>\n<\/div><\/div><\/div><\/div><\/div><\/div><\/section><section class=\"l-section wpb_row height_medium\"><div class=\"l-section-h i-cf\"><div class=\"g-cols vc_row via_grid cols_1 laptops-cols_inherit tablets-cols_inherit mobiles-cols_1 valign_top type_default stacking_default\"><div class=\"wpb_column vc_column_container\"><div class=\"vc_column-inner\"><div class=\"wpb_text_column\"><div class=\"wpb_wrapper\"><h1 style=\"text-align: center;\">R\u00e9paration et Maintenance de Roll Containers<\/h1>\n<\/div><\/div><\/div><\/div><\/div><\/div><\/section><section class=\"l-section wpb_row height_auto\"><div class=\"l-section-h i-cf\"><div class=\"g-cols vc_row via_grid cols_1 laptops-cols_inherit tablets-cols_inherit mobiles-cols_1 valign_top type_default stacking_default\"><div class=\"wpb_column vc_column_container\"><div class=\"vc_column-inner\"><div class=\"w-hwrapper valign_top align_none\" style=\"--hwrapper-gap:1.1rem\"><div class=\"w-image us_custom_4edece6e align_none\"><div class=\"w-image-h\"><img decoding=\"async\" width=\"600\" height=\"800\" src=\"https:\/\/cattozzo.it\/wp-content\/uploads\/2025\/11\/Riparazione-e-Manutenzione-Roll-Container-web_4.jpg\" class=\"attachment-large size-large\" alt=\"Riparazione e Manutenzione Roll Container\" loading=\"lazy\" srcset=\"https:\/\/cattozzo.it\/wp-content\/uploads\/2025\/11\/Riparazione-e-Manutenzione-Roll-Container-web_4.jpg 600w, https:\/\/cattozzo.it\/wp-content\/uploads\/2025\/11\/Riparazione-e-Manutenzione-Roll-Container-web_4-225x300.jpg 225w\" sizes=\"auto, (max-width: 600px) 100vw, 600px\" \/><\/div><\/div><div class=\"w-image align_none\"><div class=\"w-image-h\"><img decoding=\"async\" width=\"600\" height=\"800\" src=\"https:\/\/cattozzo.it\/wp-content\/uploads\/2025\/11\/Riparazione-e-Manutenzione-Roll-Container-web_3.jpg\" class=\"attachment-large size-large\" alt=\"Riparazione e Manutenzione Roll Container\" loading=\"lazy\" srcset=\"https:\/\/cattozzo.it\/wp-content\/uploads\/2025\/11\/Riparazione-e-Manutenzione-Roll-Container-web_3.jpg 600w, https:\/\/cattozzo.it\/wp-content\/uploads\/2025\/11\/Riparazione-e-Manutenzione-Roll-Container-web_3-225x300.jpg 225w\" sizes=\"auto, (max-width: 600px) 100vw, 600px\" \/><\/div><\/div><div class=\"w-image align_none\"><div class=\"w-image-h\"><img decoding=\"async\" width=\"600\" height=\"800\" src=\"https:\/\/cattozzo.it\/wp-content\/uploads\/2025\/11\/Riparazione-e-Manutenzione-Roll-Container-web_2.jpg\" class=\"attachment-large size-large\" alt=\"Riparazione e Manutenzione Roll Container\" loading=\"lazy\" srcset=\"https:\/\/cattozzo.it\/wp-content\/uploads\/2025\/11\/Riparazione-e-Manutenzione-Roll-Container-web_2.jpg 600w, https:\/\/cattozzo.it\/wp-content\/uploads\/2025\/11\/Riparazione-e-Manutenzione-Roll-Container-web_2-225x300.jpg 225w\" sizes=\"auto, (max-width: 600px) 100vw, 600px\" \/><\/div><\/div><div class=\"w-image align_none\"><div class=\"w-image-h\"><img decoding=\"async\" width=\"600\" height=\"800\" src=\"https:\/\/cattozzo.it\/wp-content\/uploads\/2025\/11\/Riparazione-e-Manutenzione-Roll-Container-web_1.jpg\" class=\"attachment-large size-large\" alt=\"Riparazione e Manutenzione Roll Container\" loading=\"lazy\" srcset=\"https:\/\/cattozzo.it\/wp-content\/uploads\/2025\/11\/Riparazione-e-Manutenzione-Roll-Container-web_1.jpg 600w, https:\/\/cattozzo.it\/wp-content\/uploads\/2025\/11\/Riparazione-e-Manutenzione-Roll-Container-web_1-225x300.jpg 225w\" sizes=\"auto, (max-width: 600px) 100vw, 600px\" \/><\/div><\/div><\/div><\/div><\/div><\/div><\/div><\/section><section class=\"l-section wpb_row height_small\"><div class=\"l-section-h i-cf\"><div class=\"g-cols vc_row via_grid cols_2 laptops-cols_inherit tablets-cols_inherit mobiles-cols_1 valign_top type_default stacking_default\"><div class=\"wpb_column vc_column_container\"><div class=\"vc_column-inner\"><div class=\"wpb_text_column us_custom_526346c0 has_text_color\"><div class=\"wpb_wrapper\"><p>Nous nous occupons de la maintenance et de la r\u00e9paration de roll containers de <strong data-start=\"546\" data-end=\"570\">toutes marques et mod\u00e8les<\/strong>, y compris en mat\u00e9riau plastique.<br data-start=\"600\" data-end=\"603\">Notre objectif est de r\u00e9duire au minimum les d\u00e9chets : nous r\u00e9cup\u00e9rons les pi\u00e8ces encore utilisables d&rsquo;unit\u00e9s non r\u00e9parables, afin de contenir les co\u00fbts et d&rsquo;offrir un r\u00e9sultat toujours optimal.<\/p>\n<\/div><\/div><\/div><\/div><div class=\"wpb_column vc_column_container\"><div class=\"vc_column-inner\"><div class=\"wpb_text_column\"><div class=\"wpb_wrapper\"><p>Avec notre <strong data-start=\"806\" data-end=\"825\">atelier mobile<\/strong>, nous pouvons intervenir directement dans vos centres dans <strong>toute l&rsquo;Italie.<\/strong><br \/>\nLorsque cela n&rsquo;est pas possible, nous disposons du si\u00e8ge de Rovigo, \u00e9quip\u00e9 pour accueillir les roll containers avec service d&rsquo;enl\u00e8vement et de livraison.<\/p>\n<\/div><\/div><div class=\"w-separator size_small\"><\/div><div class=\"wpb_text_column\"><div class=\"wpb_wrapper\"><p>Sur demande, nous fournissons les pi\u00e8ces de rechange ou nous op\u00e9rons avec les mat\u00e9riaux mis \u00e0 disposition par le client.<\/p>\n<\/div><\/div><\/div><\/div><\/div><\/div><\/section><section class=\"l-section wpb_row us_custom_7cdadd81 has_text_color height_medium\"><div class=\"l-section-h i-cf\"><div class=\"g-cols vc_row via_grid cols_1 laptops-cols_inherit tablets-cols_inherit mobiles-cols_1 valign_top type_default stacking_default\"><div class=\"wpb_column vc_column_container\"><div class=\"vc_column-inner\"><div class=\"wpb_text_column us_custom_df5f4c97 has_text_color\"><div class=\"wpb_wrapper\"><h3 style=\"text-align: center;\" data-start=\"1144\" data-end=\"1295\">En compl\u00e9ment, nous offrons la <strong data-start=\"1168\" data-end=\"1194\">peinture en poudre<\/strong> :<br \/>\nparfaite pour uniformiser les roll containers aux couleurs de l&rsquo;entreprise ou pour les prot\u00e9ger de la corrosion.<\/h3>\n<h3 style=\"text-align: center;\" data-start=\"1297\" data-end=\"1404\">Outre les roll containers, nous effectuons des interventions \u00e9galement sur les <strong data-start=\"1352\" data-end=\"1370\">chariots de courses<\/strong>, tant ordinaires qu&rsquo;extraordinaires.<\/h3>\n<\/div><\/div><\/div><\/div><\/div><\/div><\/section><section class=\"l-section wpb_row us_custom_10276f9a height_small\"><div class=\"l-section-h i-cf\"><div class=\"g-cols vc_row via_grid cols_1 laptops-cols_inherit tablets-cols_inherit mobiles-cols_1 valign_top type_default stacking_default\"><div class=\"wpb_column vc_column_container\"><div class=\"vc_column-inner\"><div class=\"w-hwrapper valign_top align_none\" style=\"--hwrapper-gap:1.1rem\"><div class=\"w-image us_custom_4edece6e align_none\"><div class=\"w-image-h\"><img decoding=\"async\" width=\"800\" height=\"600\" src=\"https:\/\/cattozzo.it\/wp-content\/uploads\/2025\/11\/Riparazione-e-Manutenzione-Roll-Container-web-1.jpg\" class=\"attachment-large size-large\" alt=\"Riparazione e Manutenzione Roll Container\" loading=\"lazy\" srcset=\"https:\/\/cattozzo.it\/wp-content\/uploads\/2025\/11\/Riparazione-e-Manutenzione-Roll-Container-web-1.jpg 800w, https:\/\/cattozzo.it\/wp-content\/uploads\/2025\/11\/Riparazione-e-Manutenzione-Roll-Container-web-1-300x225.jpg 300w\" sizes=\"auto, (max-width: 800px) 100vw, 800px\" \/><\/div><\/div><div class=\"w-image align_none\"><div class=\"w-image-h\"><img decoding=\"async\" width=\"800\" height=\"600\" src=\"https:\/\/cattozzo.it\/wp-content\/uploads\/2025\/11\/Riparazione-e-Manutenzione-Roll-Container-web_1-1.jpg\" class=\"attachment-large size-large\" alt=\"Riparazione e Manutenzione Roll Container\" loading=\"lazy\" srcset=\"https:\/\/cattozzo.it\/wp-content\/uploads\/2025\/11\/Riparazione-e-Manutenzione-Roll-Container-web_1-1.jpg 800w, https:\/\/cattozzo.it\/wp-content\/uploads\/2025\/11\/Riparazione-e-Manutenzione-Roll-Container-web_1-1-300x225.jpg 300w\" sizes=\"auto, (max-width: 800px) 100vw, 800px\" \/><\/div><\/div><\/div><\/div><\/div><\/div><\/div><\/section><section class=\"l-section wpb_row us_custom_c70c97eb height_medium\"><div class=\"l-section-h i-cf\"><div class=\"g-cols vc_row via_grid cols_1 laptops-cols_inherit tablets-cols_inherit mobiles-cols_1 valign_middle type_default stacking_default\"><div class=\"wpb_column vc_column_container us_custom_2c45f91b\"><div class=\"vc_column-inner\"><div class=\"w-btn-wrapper align_center\"><a class=\"w-btn us-btn-style_1\" href=\"https:\/\/cattozzo.it\/contatti\/\"><span class=\"w-btn-label\">Contactez-nous<\/span><\/a><\/div><\/div><\/div><\/div><\/div><\/section><section class=\"l-section wpb_row height_small\"><div class=\"l-section-h i-cf\"><div class=\"g-cols vc_row via_grid cols_1 laptops-cols_inherit tablets-cols_inherit mobiles-cols_1 valign_top type_default stacking_default\"><div class=\"wpb_column vc_column_container\"><div class=\"vc_column-inner\"><div class=\"wpb_text_column us_custom_83a03b96 has_text_color\"><div class=\"wpb_wrapper\"><h2 style=\"text-align: center;\">Pourquoi nous choisir<\/h2>\n<\/div><\/div><div class=\"w-separator size_small\"><\/div><div class=\"wpb_text_column us_custom_eb849559\"><div class=\"wpb_wrapper\"><h3 style=\"text-align: center;\">Comp\u00e9tence et fiabilit\u00e9 au service des entreprises<\/h3>\n<\/div><\/div><\/div><\/div><\/div><\/div><\/section>\n","protected":false},"excerpt":{"rendered":"R\u00e9paration et Maintenance de Roll Containers R\u00e9paration et Maintenance de Roll Containers Nous nous occupons de la maintenance et de la r\u00e9paration de roll containers de toutes marques et mod\u00e8les, y compris en mat\u00e9riau plastique.Notre objectif est de r\u00e9duire au minimum les d\u00e9chets : nous r\u00e9cup\u00e9rons les pi\u00e8ces encore utilisables d&rsquo;unit\u00e9s non r\u00e9parables, afin de...","protected":false},"author":1,"featured_media":215,"parent":0,"menu_order":0,"comment_status":"closed","ping_status":"closed","template":"","meta":{"footnotes":""},"class_list":["post-207","page","type-page","status-publish","has-post-thumbnail","hentry"],"yoast_head":"<!-- This site is optimized with the Yoast SEO plugin v26.3 - https:\/\/yoast.com\/wordpress\/plugins\/seo\/ -->\n<title>R\u00e9paration et Maintenance de Roll Containers - Multiservice srls<\/title>\n<meta name=\"description\" content=\"Service sp\u00e9cialis\u00e9 de maintenance et r\u00e9paration de roll containers pour la logistique et la grande distribution. Remplacement de roues, soudures, renforcements structurels. Contactez-nous.\" \/>\n<meta name=\"robots\" content=\"index, follow, max-snippet:-1, max-image-preview:large, max-video-preview:-1\" \/>\n<link rel=\"canonical\" href=\"https:\/\/cattozzo.it\/fr\/reparation-et-maintenance-de-roll-containers\/\" \/>\n<meta property=\"og:locale\" content=\"fr_FR\" \/>\n<meta property=\"og:type\" content=\"article\" \/>\n<meta property=\"og:title\" content=\"R\u00e9paration et Maintenance de Roll Containers - Multiservice srls\" \/>\n<meta property=\"og:description\" content=\"Service sp\u00e9cialis\u00e9 de maintenance et r\u00e9paration de roll containers pour la logistique et la grande distribution. Remplacement de roues, soudures, renforcements structurels. Contactez-nous.\" \/>\n<meta property=\"og:url\" content=\"https:\/\/cattozzo.it\/fr\/reparation-et-maintenance-de-roll-containers\/\" \/>\n<meta property=\"og:site_name\" content=\"smaltimento e recupero contenitori iso termici e carrelli roll\" \/>\n<meta property=\"article:publisher\" content=\"https:\/\/www.facebook.com\/people\/Multiservice-SRLS-Unipersonale\/100063610356554\/\" \/>\n<meta property=\"article:modified_time\" content=\"2026-01-16T09:56:25+00:00\" \/>\n<meta property=\"og:image\" content=\"https:\/\/cattozzo.it\/wp-content\/uploads\/2025\/09\/ESEMPIO-PRIMA-DOPO-web_2.jpg\" \/>\n\t<meta property=\"og:image:width\" content=\"765\" \/>\n\t<meta property=\"og:image:height\" content=\"600\" \/>\n\t<meta property=\"og:image:type\" content=\"image\/jpeg\" \/>\n<meta name=\"twitter:card\" content=\"summary_large_image\" \/>\n<meta name=\"twitter:label1\" content=\"Dur\u00e9e de lecture estim\u00e9e\" \/>\n\t<meta name=\"twitter:data1\" content=\"4 minutes\" \/>\n<script type=\"application\/ld+json\" class=\"yoast-schema-graph\">{\"@context\":\"https:\/\/schema.org\",\"@graph\":[{\"@type\":\"WebPage\",\"@id\":\"https:\/\/cattozzo.it\/fr\/reparation-et-maintenance-de-roll-containers\/\",\"url\":\"https:\/\/cattozzo.it\/fr\/reparation-et-maintenance-de-roll-containers\/\",\"name\":\"R\u00e9paration et Maintenance de Roll Containers - Multiservice srls\",\"isPartOf\":{\"@id\":\"https:\/\/cattozzo.it\/fr\/#website\"},\"primaryImageOfPage\":{\"@id\":\"https:\/\/cattozzo.it\/fr\/reparation-et-maintenance-de-roll-containers\/#primaryimage\"},\"image\":{\"@id\":\"https:\/\/cattozzo.it\/fr\/reparation-et-maintenance-de-roll-containers\/#primaryimage\"},\"thumbnailUrl\":\"https:\/\/cattozzo.it\/wp-content\/uploads\/2025\/09\/ESEMPIO-PRIMA-DOPO-web_2.jpg\",\"datePublished\":\"2025-11-06T12:17:40+00:00\",\"dateModified\":\"2026-01-16T09:56:25+00:00\",\"description\":\"Service sp\u00e9cialis\u00e9 de maintenance et r\u00e9paration de roll containers pour la logistique et la grande distribution. Remplacement de roues, soudures, renforcements structurels. Contactez-nous.\",\"breadcrumb\":{\"@id\":\"https:\/\/cattozzo.it\/fr\/reparation-et-maintenance-de-roll-containers\/#breadcrumb\"},\"inLanguage\":\"fr-FR\",\"potentialAction\":[{\"@type\":\"ReadAction\",\"target\":[\"https:\/\/cattozzo.it\/fr\/reparation-et-maintenance-de-roll-containers\/\"]}]},{\"@type\":\"ImageObject\",\"inLanguage\":\"fr-FR\",\"@id\":\"https:\/\/cattozzo.it\/fr\/reparation-et-maintenance-de-roll-containers\/#primaryimage\",\"url\":\"https:\/\/cattozzo.it\/wp-content\/uploads\/2025\/09\/ESEMPIO-PRIMA-DOPO-web_2.jpg\",\"contentUrl\":\"https:\/\/cattozzo.it\/wp-content\/uploads\/2025\/09\/ESEMPIO-PRIMA-DOPO-web_2.jpg\",\"width\":765,\"height\":600,\"caption\":\"R\u00e9paration et Maintenance de Roll Containers\"},{\"@type\":\"BreadcrumbList\",\"@id\":\"https:\/\/cattozzo.it\/fr\/reparation-et-maintenance-de-roll-containers\/#breadcrumb\",\"itemListElement\":[{\"@type\":\"ListItem\",\"position\":1,\"name\":\"Home\",\"item\":\"https:\/\/cattozzo.it\/fr\/accueil\/\"},{\"@type\":\"ListItem\",\"position\":2,\"name\":\"R\u00e9paration et Maintenance de Roll Containers\"}]},{\"@type\":\"WebSite\",\"@id\":\"https:\/\/cattozzo.it\/fr\/#website\",\"url\":\"https:\/\/cattozzo.it\/fr\/\",\"name\":\"Riciclo e recupero\",\"description\":\"\",\"publisher\":{\"@id\":\"https:\/\/cattozzo.it\/fr\/#organization\"},\"potentialAction\":[{\"@type\":\"SearchAction\",\"target\":{\"@type\":\"EntryPoint\",\"urlTemplate\":\"https:\/\/cattozzo.it\/fr\/?s={search_term_string}\"},\"query-input\":{\"@type\":\"PropertyValueSpecification\",\"valueRequired\":true,\"valueName\":\"search_term_string\"}}],\"inLanguage\":\"fr-FR\"},{\"@type\":\"Organization\",\"@id\":\"https:\/\/cattozzo.it\/fr\/#organization\",\"name\":\"Cattozzo Multiservice Srls\",\"url\":\"https:\/\/cattozzo.it\/fr\/\",\"logo\":{\"@type\":\"ImageObject\",\"inLanguage\":\"fr-FR\",\"@id\":\"https:\/\/cattozzo.it\/fr\/#\/schema\/logo\/image\/\",\"url\":\"https:\/\/cattozzo.it\/wp-content\/uploads\/2025\/09\/1_logo-Multiservice1.png\",\"contentUrl\":\"https:\/\/cattozzo.it\/wp-content\/uploads\/2025\/09\/1_logo-Multiservice1.png\",\"width\":300,\"height\":105,\"caption\":\"Cattozzo Multiservice Srls\"},\"image\":{\"@id\":\"https:\/\/cattozzo.it\/fr\/#\/schema\/logo\/image\/\"},\"sameAs\":[\"https:\/\/www.facebook.com\/people\/Multiservice-SRLS-Unipersonale\/100063610356554\/\"]}]}<\/script>\n<!-- \/ Yoast SEO plugin. -->","yoast_head_json":{"title":"R\u00e9paration et Maintenance de Roll Containers - Multiservice srls","description":"Service sp\u00e9cialis\u00e9 de maintenance et r\u00e9paration de roll containers pour la logistique et la grande distribution. Remplacement de roues, soudures, renforcements structurels. Contactez-nous.","robots":{"index":"index","follow":"follow","max-snippet":"max-snippet:-1","max-image-preview":"max-image-preview:large","max-video-preview":"max-video-preview:-1"},"canonical":"https:\/\/cattozzo.it\/fr\/reparation-et-maintenance-de-roll-containers\/","og_locale":"fr_FR","og_type":"article","og_title":"R\u00e9paration et Maintenance de Roll Containers - Multiservice srls","og_description":"Service sp\u00e9cialis\u00e9 de maintenance et r\u00e9paration de roll containers pour la logistique et la grande distribution. Remplacement de roues, soudures, renforcements structurels. Contactez-nous.","og_url":"https:\/\/cattozzo.it\/fr\/reparation-et-maintenance-de-roll-containers\/","og_site_name":"smaltimento e recupero contenitori iso termici e carrelli roll","article_publisher":"https:\/\/www.facebook.com\/people\/Multiservice-SRLS-Unipersonale\/100063610356554\/","article_modified_time":"2026-01-16T09:56:25+00:00","og_image":[{"width":765,"height":600,"url":"https:\/\/cattozzo.it\/wp-content\/uploads\/2025\/09\/ESEMPIO-PRIMA-DOPO-web_2.jpg","type":"image\/jpeg"}],"twitter_card":"summary_large_image","twitter_misc":{"Dur\u00e9e de lecture estim\u00e9e":"4 minutes"},"schema":{"@context":"https:\/\/schema.org","@graph":[{"@type":"WebPage","@id":"https:\/\/cattozzo.it\/fr\/reparation-et-maintenance-de-roll-containers\/","url":"https:\/\/cattozzo.it\/fr\/reparation-et-maintenance-de-roll-containers\/","name":"R\u00e9paration et Maintenance de Roll Containers - Multiservice srls","isPartOf":{"@id":"https:\/\/cattozzo.it\/fr\/#website"},"primaryImageOfPage":{"@id":"https:\/\/cattozzo.it\/fr\/reparation-et-maintenance-de-roll-containers\/#primaryimage"},"image":{"@id":"https:\/\/cattozzo.it\/fr\/reparation-et-maintenance-de-roll-containers\/#primaryimage"},"thumbnailUrl":"https:\/\/cattozzo.it\/wp-content\/uploads\/2025\/09\/ESEMPIO-PRIMA-DOPO-web_2.jpg","datePublished":"2025-11-06T12:17:40+00:00","dateModified":"2026-01-16T09:56:25+00:00","description":"Service sp\u00e9cialis\u00e9 de maintenance et r\u00e9paration de roll containers pour la logistique et la grande distribution. Remplacement de roues, soudures, renforcements structurels. Contactez-nous.","breadcrumb":{"@id":"https:\/\/cattozzo.it\/fr\/reparation-et-maintenance-de-roll-containers\/#breadcrumb"},"inLanguage":"fr-FR","potentialAction":[{"@type":"ReadAction","target":["https:\/\/cattozzo.it\/fr\/reparation-et-maintenance-de-roll-containers\/"]}]},{"@type":"ImageObject","inLanguage":"fr-FR","@id":"https:\/\/cattozzo.it\/fr\/reparation-et-maintenance-de-roll-containers\/#primaryimage","url":"https:\/\/cattozzo.it\/wp-content\/uploads\/2025\/09\/ESEMPIO-PRIMA-DOPO-web_2.jpg","contentUrl":"https:\/\/cattozzo.it\/wp-content\/uploads\/2025\/09\/ESEMPIO-PRIMA-DOPO-web_2.jpg","width":765,"height":600,"caption":"R\u00e9paration et Maintenance de Roll Containers"},{"@type":"BreadcrumbList","@id":"https:\/\/cattozzo.it\/fr\/reparation-et-maintenance-de-roll-containers\/#breadcrumb","itemListElement":[{"@type":"ListItem","position":1,"name":"Home","item":"https:\/\/cattozzo.it\/fr\/accueil\/"},{"@type":"ListItem","position":2,"name":"R\u00e9paration et Maintenance de Roll Containers"}]},{"@type":"WebSite","@id":"https:\/\/cattozzo.it\/fr\/#website","url":"https:\/\/cattozzo.it\/fr\/","name":"Riciclo e recupero","description":"","publisher":{"@id":"https:\/\/cattozzo.it\/fr\/#organization"},"potentialAction":[{"@type":"SearchAction","target":{"@type":"EntryPoint","urlTemplate":"https:\/\/cattozzo.it\/fr\/?s={search_term_string}"},"query-input":{"@type":"PropertyValueSpecification","valueRequired":true,"valueName":"search_term_string"}}],"inLanguage":"fr-FR"},{"@type":"Organization","@id":"https:\/\/cattozzo.it\/fr\/#organization","name":"Cattozzo Multiservice Srls","url":"https:\/\/cattozzo.it\/fr\/","logo":{"@type":"ImageObject","inLanguage":"fr-FR","@id":"https:\/\/cattozzo.it\/fr\/#\/schema\/logo\/image\/","url":"https:\/\/cattozzo.it\/wp-content\/uploads\/2025\/09\/1_logo-Multiservice1.png","contentUrl":"https:\/\/cattozzo.it\/wp-content\/uploads\/2025\/09\/1_logo-Multiservice1.png","width":300,"height":105,"caption":"Cattozzo Multiservice Srls"},"image":{"@id":"https:\/\/cattozzo.it\/fr\/#\/schema\/logo\/image\/"},"sameAs":["https:\/\/www.facebook.com\/people\/Multiservice-SRLS-Unipersonale\/100063610356554\/"]}]}},"_links":{"self":[{"href":"https:\/\/cattozzo.it\/fr\/wp-json\/wp\/v2\/pages\/207","targetHints":{"allow":["GET"]}}],"collection":[{"href":"https:\/\/cattozzo.it\/fr\/wp-json\/wp\/v2\/pages"}],"about":[{"href":"https:\/\/cattozzo.it\/fr\/wp-json\/wp\/v2\/types\/page"}],"author":[{"embeddable":true,"href":"https:\/\/cattozzo.it\/fr\/wp-json\/wp\/v2\/users\/1"}],"replies":[{"embeddable":true,"href":"https:\/\/cattozzo.it\/fr\/wp-json\/wp\/v2\/comments?post=207"}],"version-history":[{"count":3,"href":"https:\/\/cattozzo.it\/fr\/wp-json\/wp\/v2\/pages\/207\/revisions"}],"predecessor-version":[{"id":218,"href":"https:\/\/cattozzo.it\/fr\/wp-json\/wp\/v2\/pages\/207\/revisions\/218"}],"wp:featuredmedia":[{"embeddable":true,"href":"https:\/\/cattozzo.it\/fr\/wp-json\/wp\/v2\/media\/215"}],"wp:attachment":[{"href":"https:\/\/cattozzo.it\/fr\/wp-json\/wp\/v2\/media?parent=207"}],"curies":[{"name":"wp","href":"https:\/\/api.w.org\/{rel}","templated":true}]}}