{"id":219,"date":"2025-11-06T11:33:30","date_gmt":"2025-11-06T10:33:30","guid":{"rendered":"https:\/\/cattozzo.it\/reparation-et-elimination-de-conteneurs-isothermes-et-refrigeres\/"},"modified":"2026-01-16T10:58:12","modified_gmt":"2026-01-16T09:58:12","slug":"reparation-et-elimination-de-conteneurs-isothermes-et-refrigeres","status":"publish","type":"page","link":"https:\/\/cattozzo.it\/fr\/reparation-et-elimination-de-conteneurs-isothermes-et-refrigeres\/","title":{"rendered":"R\u00e9paration et \u00c9limination de Conteneurs Isothermes et R\u00e9frig\u00e9r\u00e9s"},"content":{"rendered":"<section class=\"l-section wpb_row us_custom_4421ed13 height_auto width_full with_img\"><div class=\"l-section-img\" role=\"img\" data-img-width=\"1920\" data-img-height=\"1080\" style=\"background-image: url(https:\/\/cattozzo.it\/wp-content\/uploads\/2025\/11\/Riparazione-e-Smaltimento-Contenitori-Isotermici-e-Refrigerati-web.jpg);background-repeat: no-repeat;\"><\/div><div class=\"l-section-h i-cf\"><div class=\"g-cols vc_row via_grid cols_1 laptops-cols_inherit tablets-cols_inherit mobiles-cols_1 valign_top type_default stacking_default\"><div class=\"wpb_column vc_column_container\"><div class=\"vc_column-inner\"><div class=\"wpb_text_column us_custom_97401b8d has_text_color\"><div class=\"wpb_wrapper\"><p style=\"text-align: left;\">\u00c9limination,<br \/>\nr\u00e9paration et recyclage :<br \/>\nexpertise \u00e0 votre service<\/p>\n<\/div><\/div><\/div><\/div><\/div><\/div><\/section><section class=\"l-section wpb_row height_medium\"><div class=\"l-section-h i-cf\"><div class=\"g-cols vc_row via_grid cols_1 laptops-cols_inherit tablets-cols_inherit mobiles-cols_1 valign_top type_default stacking_default\"><div class=\"wpb_column vc_column_container\"><div class=\"vc_column-inner\"><div class=\"wpb_text_column\"><div class=\"wpb_wrapper\"><h1 style=\"text-align: center;\">R\u00e9paration et \u00c9limination de Conteneurs Isothermes et R\u00e9frig\u00e9r\u00e9s<\/h1>\n<\/div><\/div><\/div><\/div><\/div><\/div><\/section><section class=\"l-section wpb_row height_auto\"><div class=\"l-section-h i-cf\"><div class=\"g-cols vc_row via_grid cols_1 laptops-cols_inherit tablets-cols_inherit mobiles-cols_1 valign_top type_default stacking_default\"><div class=\"wpb_column vc_column_container\"><div class=\"vc_column-inner\"><div class=\"w-hwrapper valign_top align_none\" style=\"--hwrapper-gap:1.1rem\"><div class=\"w-image us_custom_4edece6e align_none\"><div class=\"w-image-h\"><img decoding=\"async\" width=\"588\" height=\"800\" src=\"https:\/\/cattozzo.it\/wp-content\/uploads\/2025\/11\/riparazione-contenitori-isotermici-web.jpg\" class=\"attachment-large size-large\" alt=\"\" loading=\"lazy\" srcset=\"https:\/\/cattozzo.it\/wp-content\/uploads\/2025\/11\/riparazione-contenitori-isotermici-web.jpg 588w, https:\/\/cattozzo.it\/wp-content\/uploads\/2025\/11\/riparazione-contenitori-isotermici-web-221x300.jpg 221w\" sizes=\"auto, (max-width: 588px) 100vw, 588px\" \/><\/div><\/div><div class=\"w-image align_none\"><div class=\"w-image-h\"><img decoding=\"async\" width=\"588\" height=\"800\" src=\"https:\/\/cattozzo.it\/wp-content\/uploads\/2025\/11\/riparazione-contenitori-isotermici-web_4.jpg\" class=\"attachment-large size-large\" alt=\"\" loading=\"lazy\" srcset=\"https:\/\/cattozzo.it\/wp-content\/uploads\/2025\/11\/riparazione-contenitori-isotermici-web_4.jpg 588w, https:\/\/cattozzo.it\/wp-content\/uploads\/2025\/11\/riparazione-contenitori-isotermici-web_4-221x300.jpg 221w\" sizes=\"auto, (max-width: 588px) 100vw, 588px\" \/><\/div><\/div><div class=\"w-image align_none\"><div class=\"w-image-h\"><img decoding=\"async\" width=\"588\" height=\"800\" src=\"https:\/\/cattozzo.it\/wp-content\/uploads\/2025\/11\/riparazione-contenitori-isotermici-web_3.jpg\" class=\"attachment-large size-large\" alt=\"\" loading=\"lazy\" srcset=\"https:\/\/cattozzo.it\/wp-content\/uploads\/2025\/11\/riparazione-contenitori-isotermici-web_3.jpg 588w, https:\/\/cattozzo.it\/wp-content\/uploads\/2025\/11\/riparazione-contenitori-isotermici-web_3-221x300.jpg 221w\" sizes=\"auto, (max-width: 588px) 100vw, 588px\" \/><\/div><\/div><div class=\"w-image align_none\"><div class=\"w-image-h\"><img decoding=\"async\" width=\"588\" height=\"800\" src=\"https:\/\/cattozzo.it\/wp-content\/uploads\/2025\/11\/riparazione-contenitori-isotermici-web_1.jpg\" class=\"attachment-large size-large\" alt=\"\" loading=\"lazy\" srcset=\"https:\/\/cattozzo.it\/wp-content\/uploads\/2025\/11\/riparazione-contenitori-isotermici-web_1.jpg 588w, https:\/\/cattozzo.it\/wp-content\/uploads\/2025\/11\/riparazione-contenitori-isotermici-web_1-221x300.jpg 221w\" sizes=\"auto, (max-width: 588px) 100vw, 588px\" \/><\/div><\/div><\/div><\/div><\/div><\/div><\/div><\/section><section class=\"l-section wpb_row height_small\"><div class=\"l-section-h i-cf\"><div class=\"g-cols vc_row via_grid cols_2 laptops-cols_inherit tablets-cols_inherit mobiles-cols_1 valign_top type_default stacking_default\"><div class=\"wpb_column vc_column_container\"><div class=\"vc_column-inner\"><div class=\"wpb_text_column us_custom_526346c0 has_text_color\"><div class=\"wpb_wrapper\"><p>Avec vingt ans d&rsquo;exp\u00e9rience dans le secteur des conteneurs isothermes, nous proposons un service de <strong data-start=\"1837\" data-end=\"1868\">maintenance personnalis\u00e9e<\/strong> adapt\u00e9 au rythme de la grande distribution et de la logistique.<br data-start=\"1907\" data-end=\"1910\">Nous intervenons directement chez le client, en Italie et en Europe, ou dans notre atelier de Rovigo, avec collecte et livraison assur\u00e9es par nos propres v\u00e9hicules.<\/p>\n<\/div><\/div><\/div><\/div><div class=\"wpb_column vc_column_container\"><div class=\"vc_column-inner\"><div class=\"wpb_text_column\"><div class=\"wpb_wrapper\"><p><strong>Nos techniciens sont sp\u00e9cialis\u00e9s dans :<\/strong><\/p>\n<\/div><\/div><div class=\"w-separator size_small\"><\/div><div class=\"wpb_text_column\"><div class=\"wpb_wrapper\"><ul>\n<li>Soudures sur mat\u00e9riaux plastiques \u2192 r\u00e9parations garantissant une isolation et une r\u00e9sistance comme \u00e0 l&rsquo;\u00e9tat neuf.<\/li>\n<li>Maintenance compl\u00e8te des conteneurs sur roues ou palette m\u00e9tallique.<\/li>\n<li>R\u00e9cup\u00e9ration de composants r\u00e9utilisables \u00e0 partir de conteneurs non r\u00e9parables, pour minimiser les co\u00fbts de remplacement.<\/li>\n<\/ul>\n<\/div><\/div><\/div><\/div><\/div><\/div><\/section><section class=\"l-section wpb_row us_custom_7cdadd81 has_text_color height_medium\"><div class=\"l-section-h i-cf\"><div class=\"g-cols vc_row via_grid cols_1 laptops-cols_inherit tablets-cols_inherit mobiles-cols_1 valign_top type_default stacking_default\"><div class=\"wpb_column vc_column_container\"><div class=\"vc_column-inner\"><div class=\"wpb_text_column us_custom_df5f4c97 has_text_color\"><div class=\"wpb_wrapper\"><h3 style=\"text-align: center;\">Nous travaillons sur des conteneurs isothermes de toute marque et tout mod\u00e8le.<br \/>\nNous traitons des marques telles que TKT, Aleda, Melform, Gebhardt, Olivo et similaires.<\/h3>\n<h3 style=\"text-align: center;\">Notre approche reste toujours la m\u00eame :<br \/>\nr\u00e9sultat maximal, co\u00fbt minimal pour le client, sans jamais compromettre la qualit\u00e9.<\/h3>\n<\/div><\/div><\/div><\/div><\/div><\/div><\/section><section class=\"l-section wpb_row us_custom_10276f9a height_small\"><div class=\"l-section-h i-cf\"><div class=\"g-cols vc_row via_grid cols_1 laptops-cols_inherit tablets-cols_inherit mobiles-cols_1 valign_top type_default stacking_default\"><div class=\"wpb_column vc_column_container\"><div class=\"vc_column-inner\"><div class=\"w-hwrapper valign_top align_none\" style=\"--hwrapper-gap:1.1rem\"><div class=\"w-image us_custom_4edece6e align_none\"><div class=\"w-image-h\"><img decoding=\"async\" width=\"800\" height=\"600\" src=\"https:\/\/cattozzo.it\/wp-content\/uploads\/2025\/11\/riparazione-contenitori-isotermici-web_2-1.jpg\" class=\"attachment-large size-large\" alt=\"\" loading=\"lazy\" srcset=\"https:\/\/cattozzo.it\/wp-content\/uploads\/2025\/11\/riparazione-contenitori-isotermici-web_2-1.jpg 800w, https:\/\/cattozzo.it\/wp-content\/uploads\/2025\/11\/riparazione-contenitori-isotermici-web_2-1-300x225.jpg 300w\" sizes=\"auto, (max-width: 800px) 100vw, 800px\" \/><\/div><\/div><div class=\"w-image align_none\"><div class=\"w-image-h\"><img decoding=\"async\" width=\"800\" height=\"600\" src=\"https:\/\/cattozzo.it\/wp-content\/uploads\/2025\/11\/riparazione-contenitori-isotermici-web_1-1.jpg\" class=\"attachment-large size-large\" alt=\"\" loading=\"lazy\" srcset=\"https:\/\/cattozzo.it\/wp-content\/uploads\/2025\/11\/riparazione-contenitori-isotermici-web_1-1.jpg 800w, https:\/\/cattozzo.it\/wp-content\/uploads\/2025\/11\/riparazione-contenitori-isotermici-web_1-1-300x225.jpg 300w\" sizes=\"auto, (max-width: 800px) 100vw, 800px\" \/><\/div><\/div><\/div><\/div><\/div><\/div><\/div><\/section><section class=\"l-section wpb_row us_custom_c70c97eb height_medium\"><div class=\"l-section-h i-cf\"><div class=\"g-cols vc_row via_grid cols_1 laptops-cols_inherit tablets-cols_inherit mobiles-cols_1 valign_middle type_default stacking_default\"><div class=\"wpb_column vc_column_container us_custom_2c45f91b\"><div class=\"vc_column-inner\"><div class=\"w-btn-wrapper align_center\"><a class=\"w-btn us-btn-style_1\" href=\"https:\/\/cattozzo.it\/contatti\/\"><span class=\"w-btn-label\">Contactez-nous<\/span><\/a><\/div><\/div><\/div><\/div><\/div><\/section><section class=\"l-section wpb_row height_small\"><div class=\"l-section-h i-cf\"><div class=\"g-cols vc_row via_grid cols_1 laptops-cols_inherit tablets-cols_inherit mobiles-cols_1 valign_top type_default stacking_default\"><div class=\"wpb_column vc_column_container\"><div class=\"vc_column-inner\"><div class=\"wpb_text_column us_custom_83a03b96 has_text_color\"><div class=\"wpb_wrapper\"><h2 style=\"text-align: center;\">Pourquoi nous choisir<\/h2>\n<\/div><\/div><div class=\"w-separator size_small\"><\/div><div class=\"wpb_text_column us_custom_eb849559\"><div class=\"wpb_wrapper\"><h3 style=\"text-align: center;\">Comp\u00e9tence et fiabilit\u00e9 au service des entreprises<\/h3>\n<\/div><\/div><\/div><\/div><\/div><\/div><\/section>\n","protected":false},"excerpt":{"rendered":"\u00c9limination, r\u00e9paration et recyclage : expertise \u00e0 votre service R\u00e9paration et \u00c9limination de Conteneurs Isothermes et R\u00e9frig\u00e9r\u00e9s Avec vingt ans d&rsquo;exp\u00e9rience dans le secteur des conteneurs isothermes, nous proposons un service de maintenance personnalis\u00e9e adapt\u00e9 au rythme de la grande distribution et de la logistique.Nous intervenons directement chez le client, en Italie et en Europe,...","protected":false},"author":1,"featured_media":0,"parent":0,"menu_order":0,"comment_status":"closed","ping_status":"closed","template":"","meta":{"footnotes":""},"class_list":["post-219","page","type-page","status-publish","hentry"],"yoast_head":"<!-- This site is optimized with the Yoast SEO plugin v26.3 - https:\/\/yoast.com\/wordpress\/plugins\/seo\/ -->\n<title>R\u00e9paration et \u00c9limination de Conteneurs Isothermes et R\u00e9frig\u00e9r\u00e9s - smaltimento e recupero contenitori iso termici e carrelli roll<\/title>\n<meta name=\"description\" content=\"r\u00e9paration et \u00e9limination de conteneurs isothermes et r\u00e9frig\u00e9r\u00e9s pour la logistique, la grande distribution et l&#039;industrie. Collecte, livraison et maintenance compl\u00e8te.\" \/>\n<meta name=\"robots\" content=\"index, follow, max-snippet:-1, max-image-preview:large, max-video-preview:-1\" \/>\n<link rel=\"canonical\" href=\"https:\/\/cattozzo.it\/fr\/reparation-et-elimination-de-conteneurs-isothermes-et-refrigeres\/\" \/>\n<meta property=\"og:locale\" content=\"fr_FR\" \/>\n<meta property=\"og:type\" content=\"article\" \/>\n<meta property=\"og:title\" content=\"R\u00e9paration et \u00c9limination de Conteneurs Isothermes et R\u00e9frig\u00e9r\u00e9s - smaltimento e recupero contenitori iso termici e carrelli roll\" \/>\n<meta property=\"og:description\" content=\"r\u00e9paration et \u00e9limination de conteneurs isothermes et r\u00e9frig\u00e9r\u00e9s pour la logistique, la grande distribution et l&#039;industrie. Collecte, livraison et maintenance compl\u00e8te.\" \/>\n<meta property=\"og:url\" content=\"https:\/\/cattozzo.it\/fr\/reparation-et-elimination-de-conteneurs-isothermes-et-refrigeres\/\" \/>\n<meta property=\"og:site_name\" content=\"smaltimento e recupero contenitori iso termici e carrelli roll\" \/>\n<meta property=\"article:publisher\" content=\"https:\/\/www.facebook.com\/people\/Multiservice-SRLS-Unipersonale\/100063610356554\/\" \/>\n<meta property=\"article:modified_time\" content=\"2026-01-16T09:58:12+00:00\" \/>\n<meta name=\"twitter:card\" content=\"summary_large_image\" \/>\n<meta name=\"twitter:label1\" content=\"Dur\u00e9e de lecture estim\u00e9e\" \/>\n\t<meta name=\"twitter:data1\" content=\"4 minutes\" \/>\n<script type=\"application\/ld+json\" class=\"yoast-schema-graph\">{\"@context\":\"https:\/\/schema.org\",\"@graph\":[{\"@type\":\"WebPage\",\"@id\":\"https:\/\/cattozzo.it\/fr\/reparation-et-elimination-de-conteneurs-isothermes-et-refrigeres\/\",\"url\":\"https:\/\/cattozzo.it\/fr\/reparation-et-elimination-de-conteneurs-isothermes-et-refrigeres\/\",\"name\":\"R\u00e9paration et \u00c9limination de Conteneurs Isothermes et R\u00e9frig\u00e9r\u00e9s - smaltimento e recupero contenitori iso termici e carrelli roll\",\"isPartOf\":{\"@id\":\"https:\/\/cattozzo.it\/fr\/#website\"},\"datePublished\":\"2025-11-06T10:33:30+00:00\",\"dateModified\":\"2026-01-16T09:58:12+00:00\",\"description\":\"r\u00e9paration et \u00e9limination de conteneurs isothermes et r\u00e9frig\u00e9r\u00e9s pour la logistique, la grande distribution et l'industrie. Collecte, livraison et maintenance compl\u00e8te.\",\"breadcrumb\":{\"@id\":\"https:\/\/cattozzo.it\/fr\/reparation-et-elimination-de-conteneurs-isothermes-et-refrigeres\/#breadcrumb\"},\"inLanguage\":\"fr-FR\",\"potentialAction\":[{\"@type\":\"ReadAction\",\"target\":[\"https:\/\/cattozzo.it\/fr\/reparation-et-elimination-de-conteneurs-isothermes-et-refrigeres\/\"]}]},{\"@type\":\"BreadcrumbList\",\"@id\":\"https:\/\/cattozzo.it\/fr\/reparation-et-elimination-de-conteneurs-isothermes-et-refrigeres\/#breadcrumb\",\"itemListElement\":[{\"@type\":\"ListItem\",\"position\":1,\"name\":\"Home\",\"item\":\"https:\/\/cattozzo.it\/fr\/accueil\/\"},{\"@type\":\"ListItem\",\"position\":2,\"name\":\"R\u00e9paration et \u00c9limination de Conteneurs Isothermes et R\u00e9frig\u00e9r\u00e9s\"}]},{\"@type\":\"WebSite\",\"@id\":\"https:\/\/cattozzo.it\/fr\/#website\",\"url\":\"https:\/\/cattozzo.it\/fr\/\",\"name\":\"Riciclo e recupero\",\"description\":\"\",\"publisher\":{\"@id\":\"https:\/\/cattozzo.it\/fr\/#organization\"},\"potentialAction\":[{\"@type\":\"SearchAction\",\"target\":{\"@type\":\"EntryPoint\",\"urlTemplate\":\"https:\/\/cattozzo.it\/fr\/?s={search_term_string}\"},\"query-input\":{\"@type\":\"PropertyValueSpecification\",\"valueRequired\":true,\"valueName\":\"search_term_string\"}}],\"inLanguage\":\"fr-FR\"},{\"@type\":\"Organization\",\"@id\":\"https:\/\/cattozzo.it\/fr\/#organization\",\"name\":\"Cattozzo Multiservice Srls\",\"url\":\"https:\/\/cattozzo.it\/fr\/\",\"logo\":{\"@type\":\"ImageObject\",\"inLanguage\":\"fr-FR\",\"@id\":\"https:\/\/cattozzo.it\/fr\/#\/schema\/logo\/image\/\",\"url\":\"https:\/\/cattozzo.it\/wp-content\/uploads\/2025\/09\/1_logo-Multiservice1.png\",\"contentUrl\":\"https:\/\/cattozzo.it\/wp-content\/uploads\/2025\/09\/1_logo-Multiservice1.png\",\"width\":300,\"height\":105,\"caption\":\"Cattozzo Multiservice Srls\"},\"image\":{\"@id\":\"https:\/\/cattozzo.it\/fr\/#\/schema\/logo\/image\/\"},\"sameAs\":[\"https:\/\/www.facebook.com\/people\/Multiservice-SRLS-Unipersonale\/100063610356554\/\"]}]}<\/script>\n<!-- \/ Yoast SEO plugin. -->","yoast_head_json":{"title":"R\u00e9paration et \u00c9limination de Conteneurs Isothermes et R\u00e9frig\u00e9r\u00e9s - smaltimento e recupero contenitori iso termici e carrelli roll","description":"r\u00e9paration et \u00e9limination de conteneurs isothermes et r\u00e9frig\u00e9r\u00e9s pour la logistique, la grande distribution et l'industrie. Collecte, livraison et maintenance compl\u00e8te.","robots":{"index":"index","follow":"follow","max-snippet":"max-snippet:-1","max-image-preview":"max-image-preview:large","max-video-preview":"max-video-preview:-1"},"canonical":"https:\/\/cattozzo.it\/fr\/reparation-et-elimination-de-conteneurs-isothermes-et-refrigeres\/","og_locale":"fr_FR","og_type":"article","og_title":"R\u00e9paration et \u00c9limination de Conteneurs Isothermes et R\u00e9frig\u00e9r\u00e9s - smaltimento e recupero contenitori iso termici e carrelli roll","og_description":"r\u00e9paration et \u00e9limination de conteneurs isothermes et r\u00e9frig\u00e9r\u00e9s pour la logistique, la grande distribution et l'industrie. Collecte, livraison et maintenance compl\u00e8te.","og_url":"https:\/\/cattozzo.it\/fr\/reparation-et-elimination-de-conteneurs-isothermes-et-refrigeres\/","og_site_name":"smaltimento e recupero contenitori iso termici e carrelli roll","article_publisher":"https:\/\/www.facebook.com\/people\/Multiservice-SRLS-Unipersonale\/100063610356554\/","article_modified_time":"2026-01-16T09:58:12+00:00","twitter_card":"summary_large_image","twitter_misc":{"Dur\u00e9e de lecture estim\u00e9e":"4 minutes"},"schema":{"@context":"https:\/\/schema.org","@graph":[{"@type":"WebPage","@id":"https:\/\/cattozzo.it\/fr\/reparation-et-elimination-de-conteneurs-isothermes-et-refrigeres\/","url":"https:\/\/cattozzo.it\/fr\/reparation-et-elimination-de-conteneurs-isothermes-et-refrigeres\/","name":"R\u00e9paration et \u00c9limination de Conteneurs Isothermes et R\u00e9frig\u00e9r\u00e9s - smaltimento e recupero contenitori iso termici e carrelli roll","isPartOf":{"@id":"https:\/\/cattozzo.it\/fr\/#website"},"datePublished":"2025-11-06T10:33:30+00:00","dateModified":"2026-01-16T09:58:12+00:00","description":"r\u00e9paration et \u00e9limination de conteneurs isothermes et r\u00e9frig\u00e9r\u00e9s pour la logistique, la grande distribution et l'industrie. Collecte, livraison et maintenance compl\u00e8te.","breadcrumb":{"@id":"https:\/\/cattozzo.it\/fr\/reparation-et-elimination-de-conteneurs-isothermes-et-refrigeres\/#breadcrumb"},"inLanguage":"fr-FR","potentialAction":[{"@type":"ReadAction","target":["https:\/\/cattozzo.it\/fr\/reparation-et-elimination-de-conteneurs-isothermes-et-refrigeres\/"]}]},{"@type":"BreadcrumbList","@id":"https:\/\/cattozzo.it\/fr\/reparation-et-elimination-de-conteneurs-isothermes-et-refrigeres\/#breadcrumb","itemListElement":[{"@type":"ListItem","position":1,"name":"Home","item":"https:\/\/cattozzo.it\/fr\/accueil\/"},{"@type":"ListItem","position":2,"name":"R\u00e9paration et \u00c9limination de Conteneurs Isothermes et R\u00e9frig\u00e9r\u00e9s"}]},{"@type":"WebSite","@id":"https:\/\/cattozzo.it\/fr\/#website","url":"https:\/\/cattozzo.it\/fr\/","name":"Riciclo e recupero","description":"","publisher":{"@id":"https:\/\/cattozzo.it\/fr\/#organization"},"potentialAction":[{"@type":"SearchAction","target":{"@type":"EntryPoint","urlTemplate":"https:\/\/cattozzo.it\/fr\/?s={search_term_string}"},"query-input":{"@type":"PropertyValueSpecification","valueRequired":true,"valueName":"search_term_string"}}],"inLanguage":"fr-FR"},{"@type":"Organization","@id":"https:\/\/cattozzo.it\/fr\/#organization","name":"Cattozzo Multiservice Srls","url":"https:\/\/cattozzo.it\/fr\/","logo":{"@type":"ImageObject","inLanguage":"fr-FR","@id":"https:\/\/cattozzo.it\/fr\/#\/schema\/logo\/image\/","url":"https:\/\/cattozzo.it\/wp-content\/uploads\/2025\/09\/1_logo-Multiservice1.png","contentUrl":"https:\/\/cattozzo.it\/wp-content\/uploads\/2025\/09\/1_logo-Multiservice1.png","width":300,"height":105,"caption":"Cattozzo Multiservice Srls"},"image":{"@id":"https:\/\/cattozzo.it\/fr\/#\/schema\/logo\/image\/"},"sameAs":["https:\/\/www.facebook.com\/people\/Multiservice-SRLS-Unipersonale\/100063610356554\/"]}]}},"_links":{"self":[{"href":"https:\/\/cattozzo.it\/fr\/wp-json\/wp\/v2\/pages\/219","targetHints":{"allow":["GET"]}}],"collection":[{"href":"https:\/\/cattozzo.it\/fr\/wp-json\/wp\/v2\/pages"}],"about":[{"href":"https:\/\/cattozzo.it\/fr\/wp-json\/wp\/v2\/types\/page"}],"author":[{"embeddable":true,"href":"https:\/\/cattozzo.it\/fr\/wp-json\/wp\/v2\/users\/1"}],"replies":[{"embeddable":true,"href":"https:\/\/cattozzo.it\/fr\/wp-json\/wp\/v2\/comments?post=219"}],"version-history":[{"count":3,"href":"https:\/\/cattozzo.it\/fr\/wp-json\/wp\/v2\/pages\/219\/revisions"}],"predecessor-version":[{"id":230,"href":"https:\/\/cattozzo.it\/fr\/wp-json\/wp\/v2\/pages\/219\/revisions\/230"}],"wp:attachment":[{"href":"https:\/\/cattozzo.it\/fr\/wp-json\/wp\/v2\/media?parent=219"}],"curies":[{"name":"wp","href":"https:\/\/api.w.org\/{rel}","templated":true}]}}