{"id":231,"date":"2025-09-18T16:54:00","date_gmt":"2025-09-18T15:54:00","guid":{"rendered":"https:\/\/cattozzo.it\/accueil\/"},"modified":"2026-01-16T11:04:57","modified_gmt":"2026-01-16T10:04:57","slug":"accueil","status":"publish","type":"page","link":"https:\/\/cattozzo.it\/fr\/","title":{"rendered":"Accueil"},"content":{"rendered":"<section class=\"l-section wpb_row us_custom_4421ed13 height_auto width_full with_img\"><div class=\"l-section-img\" role=\"img\" data-img-width=\"1920\" data-img-height=\"1080\" style=\"background-image: url(https:\/\/cattozzo.it\/wp-content\/uploads\/2025\/09\/Smaltimento-riparazione-e-riciclo-hi.jpg);background-repeat: no-repeat;\"><\/div><div class=\"l-section-h i-cf\"><div class=\"g-cols vc_row via_grid cols_1 laptops-cols_inherit tablets-cols_inherit mobiles-cols_1 valign_top type_default stacking_default\"><div class=\"wpb_column vc_column_container\"><div class=\"vc_column-inner\"><div class=\"wpb_text_column us_custom_97401b8d has_text_color\"><div class=\"wpb_wrapper\"><p style=\"text-align: left;\">\u00c9limination,<br \/>\nr\u00e9paration et recyclage :<br \/>\nexpertise \u00e0 votre service<\/p>\n<\/div><\/div><\/div><\/div><\/div><\/div><\/section><section class=\"l-section wpb_row height_medium with_shape\"><div class=\"l-section-shape type_custom pos_bottom\" style=\"height:33%;color:var(--color-content-bg-alt)\"><svg xmlns=\"http:\/\/www.w3.org\/2000\/svg\" viewBox=\"0 0 64 8\" preserveAspectRatio=\"none\" width=\"100%\" height=\"100%\">\r\n\t<path fill=\"currentColor\" d=\"M64 8 L0 8 L0 0 L64 0 Z\"\/>\r\n<\/svg><\/div><div class=\"l-section-h i-cf\"><div class=\"g-cols vc_row via_grid cols_1 laptops-cols_inherit tablets-cols_inherit mobiles-cols_1 valign_top type_default stacking_default\"><div class=\"wpb_column vc_column_container\"><div class=\"vc_column-inner\"><div class=\"wpb_text_column\"><div class=\"wpb_wrapper\"><h2 style=\"text-align: center;\">Depuis plus de 20 ans, nous accompagnons les entreprises et la logistique avec des solutions rapides, s\u00fbres et certifi\u00e9es.<\/h2>\n<\/div><\/div><div class=\"w-separator size_medium\"><\/div><div class=\"wpb_text_column us_custom_6745946f has_text_color\"><div class=\"wpb_wrapper\"><h2 style=\"text-align: center;\">Nos services principaux<\/h2>\n<\/div><\/div><div class=\"w-separator size_small\"><\/div><div class=\"w-separator size_medium\"><\/div><div class=\"g-cols wpb_row via_grid cols_3 laptops-cols_inherit tablets-cols_inherit mobiles-cols_1 valign_top type_default stacking_default\" style=\"--columns-gap:2rem;\"><div class=\"wpb_column vc_column_container us_custom_de899748 has_bg_color\"><div class=\"vc_column-inner\"><div class=\"w-image us_custom_4af741be align_center\"><div class=\"w-image-h\"><img decoding=\"async\" width=\"600\" height=\"600\" src=\"https:\/\/cattozzo.it\/wp-content\/uploads\/2025\/09\/contenitori-isotermici_1-web.jpg\" class=\"attachment-full size-full\" alt=\"\" loading=\"lazy\" srcset=\"https:\/\/cattozzo.it\/wp-content\/uploads\/2025\/09\/contenitori-isotermici_1-web.jpg 600w, https:\/\/cattozzo.it\/wp-content\/uploads\/2025\/09\/contenitori-isotermici_1-web-300x300.jpg 300w, https:\/\/cattozzo.it\/wp-content\/uploads\/2025\/09\/contenitori-isotermici_1-web-150x150.jpg 150w\" sizes=\"auto, (max-width: 600px) 100vw, 600px\" \/><\/div><\/div><div class=\"w-separator size_small\"><\/div><div class=\"wpb_text_column\"><div class=\"wpb_wrapper\"><h3>\u00c9limination et r\u00e9paration de conteneurs isothermes<\/h3>\n<\/div><\/div><div class=\"w-separator size_small\"><\/div><div class=\"w-btn-wrapper align_none\"><a class=\"w-btn us-btn-style_1\" href=\"https:\/\/cattozzo.it\/fr\/reparation-et-elimination-de-conteneurs-isothermes-et-refrigeres\/\"><span class=\"w-btn-label\">En savoir plus<\/span><\/a><\/div><\/div><\/div><div class=\"wpb_column vc_column_container us_custom_de899748 has_bg_color\"><div class=\"vc_column-inner\"><div class=\"w-image us_custom_4af741be align_center\"><div class=\"w-image-h\"><img decoding=\"async\" width=\"600\" height=\"600\" src=\"https:\/\/cattozzo.it\/wp-content\/uploads\/2025\/09\/20141010_161854-web.jpg\" class=\"attachment-full size-full\" alt=\"\" loading=\"lazy\" srcset=\"https:\/\/cattozzo.it\/wp-content\/uploads\/2025\/09\/20141010_161854-web.jpg 600w, https:\/\/cattozzo.it\/wp-content\/uploads\/2025\/09\/20141010_161854-web-300x300.jpg 300w, https:\/\/cattozzo.it\/wp-content\/uploads\/2025\/09\/20141010_161854-web-150x150.jpg 150w\" sizes=\"auto, (max-width: 600px) 100vw, 600px\" \/><\/div><\/div><div class=\"w-separator size_small\"><\/div><div class=\"wpb_text_column\"><div class=\"wpb_wrapper\"><h3>R\u00e9paration de chariots roll<\/h3>\n<\/div><\/div><div class=\"w-separator size_small\"><\/div><div class=\"w-btn-wrapper align_none\"><a class=\"w-btn us-btn-style_1\" href=\"https:\/\/cattozzo.it\/fr\/reparation-et-maintenance-de-roll-containers\/\"><span class=\"w-btn-label\">En savoir plus<\/span><\/a><\/div><\/div><\/div><div class=\"wpb_column vc_column_container us_custom_de899748 has_bg_color\"><div class=\"vc_column-inner\"><div class=\"w-image us_custom_4af741be align_center\"><div class=\"w-image-h\"><img decoding=\"async\" width=\"600\" height=\"600\" src=\"https:\/\/cattozzo.it\/wp-content\/uploads\/2025\/09\/riciclo-plastiche-web.jpg\" class=\"attachment-full size-full\" alt=\"\" loading=\"lazy\" srcset=\"https:\/\/cattozzo.it\/wp-content\/uploads\/2025\/09\/riciclo-plastiche-web.jpg 600w, https:\/\/cattozzo.it\/wp-content\/uploads\/2025\/09\/riciclo-plastiche-web-300x300.jpg 300w, https:\/\/cattozzo.it\/wp-content\/uploads\/2025\/09\/riciclo-plastiche-web-150x150.jpg 150w\" sizes=\"auto, (max-width: 600px) 100vw, 600px\" \/><\/div><\/div><div class=\"w-separator size_small\"><\/div><div class=\"wpb_text_column\"><div class=\"wpb_wrapper\"><h3>Recyclage et r\u00e9g\u00e9n\u00e9ration des plastiques<\/h3>\n<\/div><\/div><div class=\"w-separator size_small\"><\/div><div class=\"w-btn-wrapper align_none\"><a class=\"w-btn us-btn-style_1\" href=\"https:\/\/cattozzo.it\/contatti\/\"><span class=\"w-btn-label\">Contactez-nous<\/span><\/a><\/div><\/div><\/div><\/div><\/div><\/div><\/div><\/div><\/section><section class=\"l-section wpb_row us_custom_c70c97eb height_medium\"><div class=\"l-section-h i-cf\"><div class=\"g-cols vc_row via_grid cols_1 laptops-cols_inherit tablets-cols_inherit mobiles-cols_1 valign_middle type_default stacking_default\"><div class=\"wpb_column vc_column_container us_custom_2c45f91b\"><div class=\"vc_column-inner\"><div class=\"w-btn-wrapper align_center\"><a class=\"w-btn us-btn-style_1\" href=\"https:\/\/cattozzo.it\/contatti\/\"><span class=\"w-btn-label\">Contactez-nous<\/span><\/a><\/div><div class=\"w-separator size_medium\"><\/div><\/div><\/div><\/div><\/div><\/section><section class=\"l-section wpb_row height_small\"><div class=\"l-section-h i-cf\"><div class=\"g-cols vc_row via_grid cols_1 laptops-cols_inherit tablets-cols_inherit mobiles-cols_1 valign_top type_default stacking_default\"><div class=\"wpb_column vc_column_container\"><div class=\"vc_column-inner\"><div class=\"wpb_text_column us_custom_83a03b96 has_text_color\"><div class=\"wpb_wrapper\"><h2 style=\"text-align: center;\">Pourquoi nous choisir<\/h2>\n<\/div><\/div><div class=\"w-separator size_small\"><\/div><div class=\"wpb_text_column us_custom_eb849559\"><div class=\"wpb_wrapper\"><h3 style=\"text-align: center;\">Comp\u00e9tence et fiabilit\u00e9 au service des entreprises<\/h3>\n<\/div><\/div><\/div><\/div><\/div><\/div><\/section><section class=\"l-section wpb_row height_small\"><div class=\"l-section-h i-cf\"><div class=\"g-cols vc_row via_grid cols_2 laptops-cols_inherit tablets-cols_inherit mobiles-cols_1 valign_top type_default stacking_default\"><div class=\"wpb_column vc_column_container\"><div class=\"vc_column-inner\"><div class=\"w-image align_none\"><div class=\"w-image-h\"><img decoding=\"async\" width=\"600\" height=\"600\" src=\"https:\/\/cattozzo.it\/wp-content\/uploads\/2025\/09\/contenitori-isotermici_1-web.jpg\" class=\"attachment-full size-full\" alt=\"\" loading=\"lazy\" srcset=\"https:\/\/cattozzo.it\/wp-content\/uploads\/2025\/09\/contenitori-isotermici_1-web.jpg 600w, https:\/\/cattozzo.it\/wp-content\/uploads\/2025\/09\/contenitori-isotermici_1-web-300x300.jpg 300w, https:\/\/cattozzo.it\/wp-content\/uploads\/2025\/09\/contenitori-isotermici_1-web-150x150.jpg 150w\" sizes=\"auto, (max-width: 600px) 100vw, 600px\" \/><\/div><\/div><\/div><\/div><div class=\"wpb_column vc_column_container\"><div class=\"vc_column-inner\"><div class=\"wpb_text_column\"><div class=\"wpb_wrapper\"><p>Nous suivons chaque intervention avec attention, garantissant des <strong data-start=\"284\" data-end=\"307\">solutions sur mesure<\/strong> pour la logistique, la grande distribution et l&rsquo;industrie.<br data-start=\"347\" data-end=\"350\">Notre objectif est simple : <strong data-start=\"382\" data-end=\"417\">r\u00e9sultat maximal, co\u00fbt minimal<\/strong> pour le client, toujours dans le respect des normes et de la qualit\u00e9.<\/p>\n<\/div><\/div><div class=\"w-separator size_small\"><\/div><div class=\"wpb_text_column\"><div class=\"wpb_wrapper\"><div class=\"features-list\">\n<ul style=\"list-style: none; padding: 0; margin: 0;\">\n<li style=\"margin-bottom: 15px; display: flex; align-items: center;\"><i class=\"fas fa-tools\" style=\"color: #1c3d5a; font-size: 22px; margin-right: 10px;\"><\/i><br \/>\n<span><strong>Expertise technique<\/strong> \u2192 exp\u00e9rience de plusieurs d\u00e9cennies<\/span><\/li>\n<li style=\"margin-bottom: 15px; display: flex; align-items: center;\"><i class=\"fas fa-handshake\" style=\"color: #1c3d5a; font-size: 22px; margin-right: 10px;\"><\/i><br \/>\n<span><strong>Contact direct<\/strong> \u2192 toujours en relation avec nous<\/span><\/li>\n<li style=\"margin-bottom: 15px; display: flex; align-items: center;\"><i class=\"fas fa-certificate\" style=\"color: #1c3d5a; font-size: 22px; margin-right: 10px;\"><\/i><br \/>\n<span><strong>Fiabilit\u00e9 certifi\u00e9e<\/strong> \u2192 processus conformes \u00e0 la loi<\/span><\/li>\n<li style=\"margin-bottom: 15px; display: flex; align-items: center;\"><i class=\"fas fa-bolt\" style=\"color: #1c3d5a; font-size: 22px; margin-right: 10px;\"><\/i><br \/>\n<span><strong>Rapidit\u00e9 d&rsquo;intervention<\/strong> \u2192 en option<\/span><\/li>\n<\/ul>\n<\/div>\n<\/div><\/div><\/div><\/div><\/div><\/div><\/section>\n","protected":false},"excerpt":{"rendered":"\u00c9limination, r\u00e9paration et recyclage : expertise \u00e0 votre service Depuis plus de 20 ans, nous accompagnons les entreprises et la logistique avec des solutions rapides, s\u00fbres et certifi\u00e9es. Nos services principaux \u00c9limination et r\u00e9paration de conteneurs isothermes En savoir plusR\u00e9paration de chariots roll En savoir plusRecyclage et r\u00e9g\u00e9n\u00e9ration des plastiques Contactez-nousContactez-nousPourquoi nous choisir Comp\u00e9tence et...","protected":false},"author":1,"featured_media":0,"parent":0,"menu_order":0,"comment_status":"closed","ping_status":"closed","template":"","meta":{"footnotes":""},"class_list":["post-231","page","type-page","status-publish","hentry"],"yoast_head":"<!-- This site is optimized with the Yoast SEO plugin v26.3 - https:\/\/yoast.com\/wordpress\/plugins\/seo\/ -->\n<title>Accueil - smaltimento e recupero contenitori iso termici e carrelli roll<\/title>\n<meta name=\"robots\" content=\"index, follow, max-snippet:-1, max-image-preview:large, max-video-preview:-1\" \/>\n<link rel=\"canonical\" href=\"https:\/\/cattozzo.it\/fr\/\" \/>\n<meta property=\"og:locale\" content=\"fr_FR\" \/>\n<meta property=\"og:type\" content=\"article\" \/>\n<meta property=\"og:title\" content=\"Accueil - smaltimento e recupero contenitori iso termici e carrelli roll\" \/>\n<meta property=\"og:url\" content=\"https:\/\/cattozzo.it\/fr\/\" \/>\n<meta property=\"og:site_name\" content=\"smaltimento e recupero contenitori iso termici e carrelli roll\" \/>\n<meta property=\"article:publisher\" content=\"https:\/\/www.facebook.com\/people\/Multiservice-SRLS-Unipersonale\/100063610356554\/\" \/>\n<meta property=\"article:modified_time\" content=\"2026-01-16T10:04:57+00:00\" \/>\n<meta name=\"twitter:card\" content=\"summary_large_image\" \/>\n<meta name=\"twitter:label1\" content=\"Dur\u00e9e de lecture estim\u00e9e\" \/>\n\t<meta name=\"twitter:data1\" content=\"5 minutes\" \/>\n<script type=\"application\/ld+json\" class=\"yoast-schema-graph\">{\"@context\":\"https:\/\/schema.org\",\"@graph\":[{\"@type\":\"WebPage\",\"@id\":\"https:\/\/cattozzo.it\/fr\/\",\"url\":\"https:\/\/cattozzo.it\/fr\/\",\"name\":\"Accueil - smaltimento e recupero contenitori iso termici e carrelli roll\",\"isPartOf\":{\"@id\":\"https:\/\/cattozzo.it\/fr\/#website\"},\"datePublished\":\"2025-09-18T15:54:00+00:00\",\"dateModified\":\"2026-01-16T10:04:57+00:00\",\"breadcrumb\":{\"@id\":\"https:\/\/cattozzo.it\/fr\/#breadcrumb\"},\"inLanguage\":\"fr-FR\",\"potentialAction\":[{\"@type\":\"ReadAction\",\"target\":[\"https:\/\/cattozzo.it\/fr\/\"]}]},{\"@type\":\"BreadcrumbList\",\"@id\":\"https:\/\/cattozzo.it\/fr\/#breadcrumb\",\"itemListElement\":[{\"@type\":\"ListItem\",\"position\":1,\"name\":\"Home\",\"item\":\"https:\/\/cattozzo.it\/fr\/accueil\/\"},{\"@type\":\"ListItem\",\"position\":2,\"name\":\"Accueil\"}]},{\"@type\":\"WebSite\",\"@id\":\"https:\/\/cattozzo.it\/fr\/#website\",\"url\":\"https:\/\/cattozzo.it\/fr\/\",\"name\":\"Riciclo e recupero\",\"description\":\"\",\"publisher\":{\"@id\":\"https:\/\/cattozzo.it\/fr\/#organization\"},\"potentialAction\":[{\"@type\":\"SearchAction\",\"target\":{\"@type\":\"EntryPoint\",\"urlTemplate\":\"https:\/\/cattozzo.it\/fr\/?s={search_term_string}\"},\"query-input\":{\"@type\":\"PropertyValueSpecification\",\"valueRequired\":true,\"valueName\":\"search_term_string\"}}],\"inLanguage\":\"fr-FR\"},{\"@type\":\"Organization\",\"@id\":\"https:\/\/cattozzo.it\/fr\/#organization\",\"name\":\"Cattozzo Multiservice Srls\",\"url\":\"https:\/\/cattozzo.it\/fr\/\",\"logo\":{\"@type\":\"ImageObject\",\"inLanguage\":\"fr-FR\",\"@id\":\"https:\/\/cattozzo.it\/fr\/#\/schema\/logo\/image\/\",\"url\":\"https:\/\/cattozzo.it\/wp-content\/uploads\/2025\/09\/1_logo-Multiservice1.png\",\"contentUrl\":\"https:\/\/cattozzo.it\/wp-content\/uploads\/2025\/09\/1_logo-Multiservice1.png\",\"width\":300,\"height\":105,\"caption\":\"Cattozzo Multiservice Srls\"},\"image\":{\"@id\":\"https:\/\/cattozzo.it\/fr\/#\/schema\/logo\/image\/\"},\"sameAs\":[\"https:\/\/www.facebook.com\/people\/Multiservice-SRLS-Unipersonale\/100063610356554\/\"]}]}<\/script>\n<!-- \/ Yoast SEO plugin. -->","yoast_head_json":{"title":"Accueil - smaltimento e recupero contenitori iso termici e carrelli roll","robots":{"index":"index","follow":"follow","max-snippet":"max-snippet:-1","max-image-preview":"max-image-preview:large","max-video-preview":"max-video-preview:-1"},"canonical":"https:\/\/cattozzo.it\/fr\/","og_locale":"fr_FR","og_type":"article","og_title":"Accueil - smaltimento e recupero contenitori iso termici e carrelli roll","og_url":"https:\/\/cattozzo.it\/fr\/","og_site_name":"smaltimento e recupero contenitori iso termici e carrelli roll","article_publisher":"https:\/\/www.facebook.com\/people\/Multiservice-SRLS-Unipersonale\/100063610356554\/","article_modified_time":"2026-01-16T10:04:57+00:00","twitter_card":"summary_large_image","twitter_misc":{"Dur\u00e9e de lecture estim\u00e9e":"5 minutes"},"schema":{"@context":"https:\/\/schema.org","@graph":[{"@type":"WebPage","@id":"https:\/\/cattozzo.it\/fr\/","url":"https:\/\/cattozzo.it\/fr\/","name":"Accueil - smaltimento e recupero contenitori iso termici e carrelli roll","isPartOf":{"@id":"https:\/\/cattozzo.it\/fr\/#website"},"datePublished":"2025-09-18T15:54:00+00:00","dateModified":"2026-01-16T10:04:57+00:00","breadcrumb":{"@id":"https:\/\/cattozzo.it\/fr\/#breadcrumb"},"inLanguage":"fr-FR","potentialAction":[{"@type":"ReadAction","target":["https:\/\/cattozzo.it\/fr\/"]}]},{"@type":"BreadcrumbList","@id":"https:\/\/cattozzo.it\/fr\/#breadcrumb","itemListElement":[{"@type":"ListItem","position":1,"name":"Home","item":"https:\/\/cattozzo.it\/fr\/accueil\/"},{"@type":"ListItem","position":2,"name":"Accueil"}]},{"@type":"WebSite","@id":"https:\/\/cattozzo.it\/fr\/#website","url":"https:\/\/cattozzo.it\/fr\/","name":"Riciclo e recupero","description":"","publisher":{"@id":"https:\/\/cattozzo.it\/fr\/#organization"},"potentialAction":[{"@type":"SearchAction","target":{"@type":"EntryPoint","urlTemplate":"https:\/\/cattozzo.it\/fr\/?s={search_term_string}"},"query-input":{"@type":"PropertyValueSpecification","valueRequired":true,"valueName":"search_term_string"}}],"inLanguage":"fr-FR"},{"@type":"Organization","@id":"https:\/\/cattozzo.it\/fr\/#organization","name":"Cattozzo Multiservice Srls","url":"https:\/\/cattozzo.it\/fr\/","logo":{"@type":"ImageObject","inLanguage":"fr-FR","@id":"https:\/\/cattozzo.it\/fr\/#\/schema\/logo\/image\/","url":"https:\/\/cattozzo.it\/wp-content\/uploads\/2025\/09\/1_logo-Multiservice1.png","contentUrl":"https:\/\/cattozzo.it\/wp-content\/uploads\/2025\/09\/1_logo-Multiservice1.png","width":300,"height":105,"caption":"Cattozzo Multiservice Srls"},"image":{"@id":"https:\/\/cattozzo.it\/fr\/#\/schema\/logo\/image\/"},"sameAs":["https:\/\/www.facebook.com\/people\/Multiservice-SRLS-Unipersonale\/100063610356554\/"]}]}},"_links":{"self":[{"href":"https:\/\/cattozzo.it\/fr\/wp-json\/wp\/v2\/pages\/231","targetHints":{"allow":["GET"]}}],"collection":[{"href":"https:\/\/cattozzo.it\/fr\/wp-json\/wp\/v2\/pages"}],"about":[{"href":"https:\/\/cattozzo.it\/fr\/wp-json\/wp\/v2\/types\/page"}],"author":[{"embeddable":true,"href":"https:\/\/cattozzo.it\/fr\/wp-json\/wp\/v2\/users\/1"}],"replies":[{"embeddable":true,"href":"https:\/\/cattozzo.it\/fr\/wp-json\/wp\/v2\/comments?post=231"}],"version-history":[{"count":3,"href":"https:\/\/cattozzo.it\/fr\/wp-json\/wp\/v2\/pages\/231\/revisions"}],"predecessor-version":[{"id":239,"href":"https:\/\/cattozzo.it\/fr\/wp-json\/wp\/v2\/pages\/231\/revisions\/239"}],"wp:attachment":[{"href":"https:\/\/cattozzo.it\/fr\/wp-json\/wp\/v2\/media?parent=231"}],"curies":[{"name":"wp","href":"https:\/\/api.w.org\/{rel}","templated":true}]}}