{"id":243,"date":"2025-11-11T13:54:24","date_gmt":"2025-11-11T12:54:24","guid":{"rendered":"https:\/\/cattozzo.it\/contacts\/"},"modified":"2026-01-16T11:08:31","modified_gmt":"2026-01-16T10:08:31","slug":"contacts","status":"publish","type":"page","link":"https:\/\/cattozzo.it\/fr\/contacts\/","title":{"rendered":"Contacts"},"content":{"rendered":"<section class=\"l-section wpb_row us_custom_4421ed13 height_auto width_full with_img\"><div class=\"l-section-img\" role=\"img\" data-img-width=\"1920\" data-img-height=\"1080\" style=\"background-image: url(https:\/\/cattozzo.it\/wp-content\/uploads\/2025\/11\/Riparazione-e-Smaltimento-Contenitori-Isotermici-e-Refrigerati-web.jpg);background-repeat: no-repeat;\"><\/div><div class=\"l-section-h i-cf\"><div class=\"g-cols vc_row via_grid cols_1 laptops-cols_inherit tablets-cols_inherit mobiles-cols_1 valign_top type_default stacking_default\"><div class=\"wpb_column vc_column_container\"><div class=\"vc_column-inner\"><div class=\"wpb_text_column us_custom_6c1d9e2c has_text_color\"><div class=\"wpb_wrapper\"><\/div><\/div><\/div><\/div><\/div><\/div><\/section><section class=\"l-section wpb_row height_medium\"><div class=\"l-section-h i-cf\"><div class=\"g-cols vc_row via_grid cols_1 laptops-cols_inherit tablets-cols_inherit mobiles-cols_1 valign_top type_default stacking_default\"><div class=\"wpb_column vc_column_container\"><div class=\"vc_column-inner\"><div class=\"wpb_text_column\"><div class=\"wpb_wrapper\"><h1 style=\"text-align: center;\">Contacts<\/h1>\n<\/div><\/div><\/div><\/div><\/div><\/div><\/section><section class=\"l-section wpb_row height_small\"><div class=\"l-section-h i-cf\"><div class=\"g-cols vc_row via_grid cols_1 laptops-cols_inherit tablets-cols_inherit mobiles-cols_1 valign_top type_default stacking_default\"><div class=\"wpb_column vc_column_container\"><div class=\"vc_column-inner\"><div class=\"wpb_text_column us_custom_526346c0 has_text_color\"><div class=\"wpb_wrapper\"><p>Pour des devis, une assistance ou des informations techniques, vous pouvez nous \u00e9crire ou nous contacter directement : nous r\u00e9pondons rapidement et sans interm\u00e9diaires.<\/p>\n<\/div><\/div><\/div><\/div><\/div><\/div><\/section><section class=\"l-section wpb_row height_small\"><div class=\"l-section-h i-cf\"><div class=\"g-cols vc_row via_grid cols_2 laptops-cols_inherit tablets-cols_inherit mobiles-cols_1 valign_top type_default stacking_default\"><div class=\"wpb_column vc_column_container\"><div class=\"vc_column-inner\"><div class=\"wpb_text_column\"><div class=\"wpb_wrapper\"><p>MULTISERVICE S.R.L<br \/>\n<strong>Si\u00e8ge social :<\/strong><br \/>\nVia delle Industrie, 14<br \/>\n45100 &#8211; ROVIGO<br \/>\nN\u00b0 TVA 01570910297<br \/>\n&#8212;<br \/>\n<strong>Si\u00e8ge op\u00e9rationnel :<\/strong><br \/>\nVia caduti sul Lavoro, 17<br \/>\n45100 &#8211; ROVIGO<\/p>\n<\/div><\/div><div class=\"w-separator size_small\"><\/div><div class=\"wpb_text_column us_custom_526346c0 has_text_color\"><div class=\"wpb_wrapper\"><h3>O\u00f9 nous sommes<\/h3>\n<\/div><\/div>[vc_raw_html]PGlmcmFtZSBzcmM9Imh0dHBzOi8vd3d3Lmdvb2dsZS5jb20vbWFwcy9lbWJlZD9wYj0hMW0xOCExbTEyITFtMyExZDE5MjYuNDg2ODE3ODMwMjM0NSEyZDExLjgwNzU2MjYyODAyOTc5ITNkNDUuMDM5MDQ2MDA2NDE1MjEhMm0zITFmMCEyZjAhM2YwITNtMiExaTEwMjQhMmk3NjghNGYxMy4xITNtMyExbTIhMXMweDQ3N2VmNzY5NTY5MjJjYWQlM0EweDY5ZjlmMDliMTUwMDJiNmMhMnNNVUxUSVNFUlZJQ0UlMjBTTkMhNWUxITNtMiExc2l0ITJzaXQhNHYxNzYyODY1NDAzMjE5ITVtMiExc2l0ITJzaXQiIHdpZHRoPSI2MDAiIGhlaWdodD0iNjAwIiBzdHlsZT0iYm9yZGVyOjA7IiBhbGxvd2Z1bGxzY3JlZW49IiIgbG9hZGluZz0ibGF6eSIgcmVmZXJyZXJwb2xpY3k9Im5vLXJlZmVycmVyLXdoZW4tZG93bmdyYWRlIj48L2lmcmFtZT4=[\/vc_raw_html]<\/div><\/div><div class=\"wpb_column vc_column_container\"><div class=\"vc_column-inner\">\n<div class=\"wpcf7 no-js\" id=\"wpcf7-f284-o1\" lang=\"fr-FR\" dir=\"ltr\" data-wpcf7-id=\"284\">\n<div class=\"screen-reader-response\"><p role=\"status\" aria-live=\"polite\" aria-atomic=\"true\"><\/p> <ul><\/ul><\/div>\n<form action=\"\/fr\/wp-json\/wp\/v2\/pages\/243#wpcf7-f284-o1\" method=\"post\" class=\"wpcf7-form init\" aria-label=\"Formulaire de contact\" novalidate=\"novalidate\" data-status=\"init\">\n<fieldset class=\"hidden-fields-container\"><input type=\"hidden\" name=\"_wpcf7\" value=\"284\" \/><input type=\"hidden\" name=\"_wpcf7_version\" value=\"6.1.4\" \/><input type=\"hidden\" name=\"_wpcf7_locale\" value=\"fr_FR\" \/><input type=\"hidden\" name=\"_wpcf7_unit_tag\" value=\"wpcf7-f284-o1\" \/><input type=\"hidden\" name=\"_wpcf7_container_post\" value=\"0\" \/><input type=\"hidden\" name=\"_wpcf7_posted_data_hash\" value=\"\" \/>\n<\/fieldset>\n<p><label> Nom et pr\u00e9nom<br \/>\n<span class=\"wpcf7-form-control-wrap\" data-name=\"your-name\"><input size=\"40\" maxlength=\"400\" class=\"wpcf7-form-control wpcf7-text wpcf7-validates-as-required\" autocomplete=\"name\" aria-required=\"true\" aria-invalid=\"false\" value=\"\" type=\"text\" name=\"your-name\" \/><\/span> <\/label>\n<\/p>\n<p><label> E-mail<br \/>\n<span class=\"wpcf7-form-control-wrap\" data-name=\"your-email\"><input size=\"40\" maxlength=\"400\" class=\"wpcf7-form-control wpcf7-email wpcf7-validates-as-required wpcf7-text wpcf7-validates-as-email\" autocomplete=\"email\" aria-required=\"true\" aria-invalid=\"false\" value=\"\" type=\"email\" name=\"your-email\" \/><\/span> <\/label>\n<\/p>\n<p><label> T\u00e9l\u00e9phone<br \/>\n<span class=\"wpcf7-form-control-wrap\" data-name=\"tel-906\"><input size=\"40\" maxlength=\"400\" class=\"wpcf7-form-control wpcf7-tel wpcf7-validates-as-required wpcf7-text wpcf7-validates-as-tel\" aria-required=\"true\" aria-invalid=\"false\" value=\"\" type=\"tel\" name=\"tel-906\" \/><\/span> <\/label>\n<\/p>\n<p><label> Entreprise<br \/>\n<span class=\"wpcf7-form-control-wrap\" data-name=\"your-company\"><input size=\"40\" maxlength=\"400\" class=\"wpcf7-form-control wpcf7-text wpcf7-validates-as-required\" aria-required=\"true\" aria-invalid=\"false\" value=\"\" type=\"text\" name=\"your-company\" \/><\/span> <\/label>\n<\/p>\n<p><label> Demande (facultatif)<br \/>\n<span class=\"wpcf7-form-control-wrap\" data-name=\"your-message\"><textarea cols=\"40\" rows=\"10\" maxlength=\"2000\" class=\"wpcf7-form-control wpcf7-textarea\" aria-invalid=\"false\" name=\"your-message\"><\/textarea><\/span> <\/label>\n<\/p>\n<p>Question de s\u00e9curit\u00e9 anti-SPAM<br \/>\n<span class=\"wpcf7-form-control-wrap\" data-name=\"quiz-477\"><label><span class=\"wpcf7-quiz-label\">La capitale de la France ?<\/span> <input size=\"40\" class=\"wpcf7-form-control wpcf7-quiz\" autocomplete=\"off\" aria-required=\"true\" aria-invalid=\"false\" type=\"text\" name=\"quiz-477\" \/><\/label><input type=\"hidden\" name=\"_wpcf7_quiz_answer_quiz-477\" value=\"0721e890a9f7b504d688c22245ed79db\" \/><\/span>\n<\/p>\n<p><input class=\"wpcf7-form-control wpcf7-submit has-spinner\" type=\"submit\" value=\"Envoyer\" \/>\n<\/p><div class=\"wpcf7-response-output\" aria-hidden=\"true\"><\/div>\n<\/form>\n<\/div>\n<\/div><\/div><\/div><\/div><\/section>\n","protected":false},"excerpt":{"rendered":"Contacts Pour des devis, une assistance ou des informations techniques, vous pouvez nous \u00e9crire ou nous contacter directement : nous r\u00e9pondons rapidement et sans interm\u00e9diaires. MULTISERVICE S.R.L Si\u00e8ge social : Via delle Industrie, 14 45100 &#8211; ROVIGO N\u00b0 TVA 01570910297 &#8212; Si\u00e8ge op\u00e9rationnel : Via caduti sul Lavoro, 17 45100 &#8211; ROVIGO O\u00f9 nous sommes...","protected":false},"author":1,"featured_media":0,"parent":0,"menu_order":0,"comment_status":"closed","ping_status":"closed","template":"","meta":{"footnotes":""},"class_list":["post-243","page","type-page","status-publish","hentry"],"yoast_head":"<!-- This site is optimized with the Yoast SEO plugin v26.3 - https:\/\/yoast.com\/wordpress\/plugins\/seo\/ -->\n<title>Contacts - smaltimento e recupero contenitori iso termici e carrelli roll<\/title>\n<meta name=\"robots\" content=\"index, follow, max-snippet:-1, max-image-preview:large, max-video-preview:-1\" \/>\n<link rel=\"canonical\" href=\"https:\/\/cattozzo.it\/fr\/contacts\/\" \/>\n<meta property=\"og:locale\" content=\"fr_FR\" \/>\n<meta property=\"og:type\" content=\"article\" \/>\n<meta property=\"og:title\" content=\"Contacts - smaltimento e recupero contenitori iso termici e carrelli roll\" \/>\n<meta property=\"og:url\" content=\"https:\/\/cattozzo.it\/fr\/contacts\/\" \/>\n<meta property=\"og:site_name\" content=\"smaltimento e recupero contenitori iso termici e carrelli roll\" \/>\n<meta property=\"article:publisher\" content=\"https:\/\/www.facebook.com\/people\/Multiservice-SRLS-Unipersonale\/100063610356554\/\" \/>\n<meta property=\"article:modified_time\" content=\"2026-01-16T10:08:31+00:00\" \/>\n<meta name=\"twitter:card\" content=\"summary_large_image\" \/>\n<meta name=\"twitter:label1\" content=\"Dur\u00e9e de lecture estim\u00e9e\" \/>\n\t<meta name=\"twitter:data1\" content=\"2 minutes\" \/>\n<script type=\"application\/ld+json\" class=\"yoast-schema-graph\">{\"@context\":\"https:\/\/schema.org\",\"@graph\":[{\"@type\":\"WebPage\",\"@id\":\"https:\/\/cattozzo.it\/fr\/contacts\/\",\"url\":\"https:\/\/cattozzo.it\/fr\/contacts\/\",\"name\":\"Contacts - smaltimento e recupero contenitori iso termici e carrelli roll\",\"isPartOf\":{\"@id\":\"https:\/\/cattozzo.it\/fr\/#website\"},\"datePublished\":\"2025-11-11T12:54:24+00:00\",\"dateModified\":\"2026-01-16T10:08:31+00:00\",\"breadcrumb\":{\"@id\":\"https:\/\/cattozzo.it\/fr\/contacts\/#breadcrumb\"},\"inLanguage\":\"fr-FR\",\"potentialAction\":[{\"@type\":\"ReadAction\",\"target\":[\"https:\/\/cattozzo.it\/fr\/contacts\/\"]}]},{\"@type\":\"BreadcrumbList\",\"@id\":\"https:\/\/cattozzo.it\/fr\/contacts\/#breadcrumb\",\"itemListElement\":[{\"@type\":\"ListItem\",\"position\":1,\"name\":\"Home\",\"item\":\"https:\/\/cattozzo.it\/fr\/accueil\/\"},{\"@type\":\"ListItem\",\"position\":2,\"name\":\"Contacts\"}]},{\"@type\":\"WebSite\",\"@id\":\"https:\/\/cattozzo.it\/fr\/#website\",\"url\":\"https:\/\/cattozzo.it\/fr\/\",\"name\":\"Riciclo e recupero\",\"description\":\"\",\"publisher\":{\"@id\":\"https:\/\/cattozzo.it\/fr\/#organization\"},\"potentialAction\":[{\"@type\":\"SearchAction\",\"target\":{\"@type\":\"EntryPoint\",\"urlTemplate\":\"https:\/\/cattozzo.it\/fr\/?s={search_term_string}\"},\"query-input\":{\"@type\":\"PropertyValueSpecification\",\"valueRequired\":true,\"valueName\":\"search_term_string\"}}],\"inLanguage\":\"fr-FR\"},{\"@type\":\"Organization\",\"@id\":\"https:\/\/cattozzo.it\/fr\/#organization\",\"name\":\"Cattozzo Multiservice Srls\",\"url\":\"https:\/\/cattozzo.it\/fr\/\",\"logo\":{\"@type\":\"ImageObject\",\"inLanguage\":\"fr-FR\",\"@id\":\"https:\/\/cattozzo.it\/fr\/#\/schema\/logo\/image\/\",\"url\":\"https:\/\/cattozzo.it\/wp-content\/uploads\/2025\/09\/1_logo-Multiservice1.png\",\"contentUrl\":\"https:\/\/cattozzo.it\/wp-content\/uploads\/2025\/09\/1_logo-Multiservice1.png\",\"width\":300,\"height\":105,\"caption\":\"Cattozzo Multiservice Srls\"},\"image\":{\"@id\":\"https:\/\/cattozzo.it\/fr\/#\/schema\/logo\/image\/\"},\"sameAs\":[\"https:\/\/www.facebook.com\/people\/Multiservice-SRLS-Unipersonale\/100063610356554\/\"]}]}<\/script>\n<!-- \/ Yoast SEO plugin. -->","yoast_head_json":{"title":"Contacts - smaltimento e recupero contenitori iso termici e carrelli roll","robots":{"index":"index","follow":"follow","max-snippet":"max-snippet:-1","max-image-preview":"max-image-preview:large","max-video-preview":"max-video-preview:-1"},"canonical":"https:\/\/cattozzo.it\/fr\/contacts\/","og_locale":"fr_FR","og_type":"article","og_title":"Contacts - smaltimento e recupero contenitori iso termici e carrelli roll","og_url":"https:\/\/cattozzo.it\/fr\/contacts\/","og_site_name":"smaltimento e recupero contenitori iso termici e carrelli roll","article_publisher":"https:\/\/www.facebook.com\/people\/Multiservice-SRLS-Unipersonale\/100063610356554\/","article_modified_time":"2026-01-16T10:08:31+00:00","twitter_card":"summary_large_image","twitter_misc":{"Dur\u00e9e de lecture estim\u00e9e":"2 minutes"},"schema":{"@context":"https:\/\/schema.org","@graph":[{"@type":"WebPage","@id":"https:\/\/cattozzo.it\/fr\/contacts\/","url":"https:\/\/cattozzo.it\/fr\/contacts\/","name":"Contacts - smaltimento e recupero contenitori iso termici e carrelli roll","isPartOf":{"@id":"https:\/\/cattozzo.it\/fr\/#website"},"datePublished":"2025-11-11T12:54:24+00:00","dateModified":"2026-01-16T10:08:31+00:00","breadcrumb":{"@id":"https:\/\/cattozzo.it\/fr\/contacts\/#breadcrumb"},"inLanguage":"fr-FR","potentialAction":[{"@type":"ReadAction","target":["https:\/\/cattozzo.it\/fr\/contacts\/"]}]},{"@type":"BreadcrumbList","@id":"https:\/\/cattozzo.it\/fr\/contacts\/#breadcrumb","itemListElement":[{"@type":"ListItem","position":1,"name":"Home","item":"https:\/\/cattozzo.it\/fr\/accueil\/"},{"@type":"ListItem","position":2,"name":"Contacts"}]},{"@type":"WebSite","@id":"https:\/\/cattozzo.it\/fr\/#website","url":"https:\/\/cattozzo.it\/fr\/","name":"Riciclo e recupero","description":"","publisher":{"@id":"https:\/\/cattozzo.it\/fr\/#organization"},"potentialAction":[{"@type":"SearchAction","target":{"@type":"EntryPoint","urlTemplate":"https:\/\/cattozzo.it\/fr\/?s={search_term_string}"},"query-input":{"@type":"PropertyValueSpecification","valueRequired":true,"valueName":"search_term_string"}}],"inLanguage":"fr-FR"},{"@type":"Organization","@id":"https:\/\/cattozzo.it\/fr\/#organization","name":"Cattozzo Multiservice Srls","url":"https:\/\/cattozzo.it\/fr\/","logo":{"@type":"ImageObject","inLanguage":"fr-FR","@id":"https:\/\/cattozzo.it\/fr\/#\/schema\/logo\/image\/","url":"https:\/\/cattozzo.it\/wp-content\/uploads\/2025\/09\/1_logo-Multiservice1.png","contentUrl":"https:\/\/cattozzo.it\/wp-content\/uploads\/2025\/09\/1_logo-Multiservice1.png","width":300,"height":105,"caption":"Cattozzo Multiservice Srls"},"image":{"@id":"https:\/\/cattozzo.it\/fr\/#\/schema\/logo\/image\/"},"sameAs":["https:\/\/www.facebook.com\/people\/Multiservice-SRLS-Unipersonale\/100063610356554\/"]}]}},"_links":{"self":[{"href":"https:\/\/cattozzo.it\/fr\/wp-json\/wp\/v2\/pages\/243","targetHints":{"allow":["GET"]}}],"collection":[{"href":"https:\/\/cattozzo.it\/fr\/wp-json\/wp\/v2\/pages"}],"about":[{"href":"https:\/\/cattozzo.it\/fr\/wp-json\/wp\/v2\/types\/page"}],"author":[{"embeddable":true,"href":"https:\/\/cattozzo.it\/fr\/wp-json\/wp\/v2\/users\/1"}],"replies":[{"embeddable":true,"href":"https:\/\/cattozzo.it\/fr\/wp-json\/wp\/v2\/comments?post=243"}],"version-history":[{"count":3,"href":"https:\/\/cattozzo.it\/fr\/wp-json\/wp\/v2\/pages\/243\/revisions"}],"predecessor-version":[{"id":246,"href":"https:\/\/cattozzo.it\/fr\/wp-json\/wp\/v2\/pages\/243\/revisions\/246"}],"wp:attachment":[{"href":"https:\/\/cattozzo.it\/fr\/wp-json\/wp\/v2\/media?parent=243"}],"curies":[{"name":"wp","href":"https:\/\/api.w.org\/{rel}","templated":true}]}}