{"id":247,"date":"2025-11-06T18:24:04","date_gmt":"2025-11-06T17:24:04","guid":{"rendered":"https:\/\/cattozzo.it\/qui-sommes-nous\/"},"modified":"2026-01-16T11:09:55","modified_gmt":"2026-01-16T10:09:55","slug":"qui-sommes-nous","status":"publish","type":"page","link":"https:\/\/cattozzo.it\/fr\/qui-sommes-nous\/","title":{"rendered":"Qui sommes-nous"},"content":{"rendered":"<section class=\"l-section wpb_row us_custom_4421ed13 height_auto width_full with_img\"><div class=\"l-section-img\" role=\"img\" data-img-width=\"1920\" data-img-height=\"1080\" style=\"background-image: url(https:\/\/cattozzo.it\/wp-content\/uploads\/2025\/11\/Riparazione-e-Smaltimento-Contenitori-Isotermici-e-Refrigerati-web.jpg);background-repeat: no-repeat;\"><\/div><div class=\"l-section-h i-cf\"><div class=\"g-cols vc_row via_grid cols_1 laptops-cols_inherit tablets-cols_inherit mobiles-cols_1 valign_top type_default stacking_default\"><div class=\"wpb_column vc_column_container\"><div class=\"vc_column-inner\"><div class=\"wpb_text_column us_custom_6c1d9e2c has_text_color\"><div class=\"wpb_wrapper\"><\/div><\/div><\/div><\/div><\/div><\/div><\/section><section class=\"l-section wpb_row height_medium\"><div class=\"l-section-h i-cf\"><div class=\"g-cols vc_row via_grid cols_1 laptops-cols_inherit tablets-cols_inherit mobiles-cols_1 valign_top type_default stacking_default\"><div class=\"wpb_column vc_column_container\"><div class=\"vc_column-inner\"><div class=\"wpb_text_column\"><div class=\"wpb_wrapper\"><h1 style=\"text-align: center;\">Qui sommes-nous<\/h1>\n<\/div><\/div><\/div><\/div><\/div><\/div><\/section><section class=\"l-section wpb_row height_small\"><div class=\"l-section-h i-cf\"><div class=\"g-cols vc_row via_grid cols_1 laptops-cols_inherit tablets-cols_inherit mobiles-cols_1 valign_top type_default stacking_default\"><div class=\"wpb_column vc_column_container\"><div class=\"vc_column-inner\"><div class=\"wpb_text_column us_custom_526346c0 has_text_color\"><div class=\"wpb_wrapper\"><p>Nous sommes une entreprise sp\u00e9cialis\u00e9e dans la <strong data-start=\"448\" data-end=\"533\">r\u00e9paration, la maintenance et la gestion durable des \u00e9quipements logistiques<\/strong> et dans le <strong data-start=\"540\" data-end=\"573\">recyclage des mat\u00e9riaux plastiques<\/strong>.<br data-start=\"574\" data-end=\"577\">Nous nous adressons aux acteurs de la grande distribution, de la distribution, de l&rsquo;industrie et du secteur alimentaire, en offrant un support technique fiable, flexible et orient\u00e9 r\u00e9sultats.<\/p>\n<\/div><\/div><\/div><\/div><\/div><\/div><\/section><section class=\"l-section wpb_row height_small\"><div class=\"l-section-h i-cf\"><div class=\"g-cols vc_row via_grid cols_2 laptops-cols_inherit tablets-cols_inherit mobiles-cols_1 valign_top type_default stacking_default\"><div class=\"wpb_column vc_column_container\"><div class=\"vc_column-inner\"><div class=\"wpb_text_column us_custom_526346c0 has_text_color\"><div class=\"wpb_wrapper\"><h3>Notre philosophie de travail<\/h3>\n<p>Notre approche est tr\u00e8s simple :<\/p>\n<ul>\n<li>analyser le probl\u00e8me,<\/li>\n<li>trouver la solution la plus efficace,<\/li>\n<li>r\u00e9duire au minimum les co\u00fbts et les gaspillages pour le client.<\/li>\n<\/ul>\n<p>Nous ne nous contentons pas de \u00ab faire le travail \u00bb : nous le faisons de mani\u00e8re <strong>intelligente, transparente et mesurable<\/strong>, avec une attention constante \u00e0 la qualit\u00e9 et \u00e0 la durabilit\u00e9.<\/p>\n<\/div><\/div><\/div><\/div><div class=\"wpb_column vc_column_container\"><div class=\"vc_column-inner\"><div class=\"wpb_text_column us_custom_526346c0 has_text_color\"><div class=\"wpb_wrapper\"><h3>Ce qui nous diff\u00e9rencie<\/h3>\n<ul style=\"list-style: none; margin: 0; padding: 0;\">\n<li style=\"margin-bottom: 12px;\"><i class=\"fas fa-tools\" style=\"margin-right: 8px; color: #1c3d5a;\"><\/i><strong>Expertise technique r\u00e9elle<\/strong> \u2013 nous effectuons directement chaque intervention.<\/li>\n<li style=\"margin-bottom: 12px;\"><i class=\"fas fa-handshake\" style=\"margin-right: 8px; color: #1c3d5a;\"><\/i><strong>Contact direct<\/strong> \u2013 pas de centre d&rsquo;appels, pas d&rsquo;interm\u00e9diaire : vous parlez directement avec ceux qui travaillent sur le terrain.<\/li>\n<li style=\"margin-bottom: 12px;\"><i class=\"fas fa-recycle\" style=\"margin-right: 8px; color: #1c3d5a;\"><\/i><strong>R\u00e9duction des co\u00fbts<\/strong> \u2013 r\u00e9cup\u00e9ration des composants et optimisation des pi\u00e8ces de rechange.<\/li>\n<li><i class=\"fas fa-certificate\" style=\"margin-right: 8px; color: #1c3d5a;\"><\/i><strong>Processus certifi\u00e9s<\/strong> \u2013 \u00e9limination, documentation et tra\u00e7abilit\u00e9 conformes \u00e0 la loi.<\/li>\n<\/ul>\n<\/div><\/div><\/div><\/div><\/div><\/div><\/section><section class=\"l-section wpb_row us_custom_7cdadd81 has_text_color height_medium\"><div class=\"l-section-h i-cf\"><div class=\"g-cols vc_row via_grid cols_1 laptops-cols_inherit tablets-cols_inherit mobiles-cols_1 valign_top type_default stacking_default\"><div class=\"wpb_column vc_column_container\"><div class=\"vc_column-inner\"><div class=\"wpb_text_column us_custom_df5f4c97 has_text_color\"><div class=\"wpb_wrapper\"><h2 style=\"text-align: center;\">O\u00f9 intervenons-nous<\/h2>\n<\/div><\/div><div class=\"w-separator size_small\"><\/div><div class=\"wpb_text_column us_custom_df5f4c97 has_text_color\"><div class=\"wpb_wrapper\"><h4 style=\"text-align: center;\">Nous intervenons dans toute l&rsquo;Italie, avec la possibilit\u00e9 d&rsquo;op\u00e9rer \u00e9galement <strong data-start=\"2058\" data-end=\"2101\">directement sur le site du client<\/strong> gr\u00e2ce \u00e0 notre atelier mobile.<\/h4>\n<h4 style=\"text-align: center;\"><br data-start=\"2137\" data-end=\"2140\">Lorsque ce n&rsquo;est pas possible, nous disposons de notre si\u00e8ge \u00e9quip\u00e9 \u00e0 Rovigo, avec enl\u00e8vement et livraison par nos propres moyens.<\/h4>\n<\/div><\/div><\/div><\/div><\/div><\/div><\/section><section class=\"l-section wpb_row height_small\"><div class=\"l-section-h i-cf\"><div class=\"g-cols vc_row via_grid cols_2 laptops-cols_inherit tablets-cols_inherit mobiles-cols_1 valign_top type_default stacking_default\"><div class=\"wpb_column vc_column_container\"><div class=\"vc_column-inner\"><div class=\"wpb_text_column us_custom_526346c0 has_text_color\"><div class=\"wpb_wrapper\"><h2>Vous avez besoin d&rsquo;un partenaire fiable ?<\/h2>\n<p>Contactez-nous sans engagement : nous r\u00e9pondons rapidement et trouvons la solution la plus adapt\u00e9e \u00e0 votre cas.<\/p>\n<\/div><\/div><\/div><\/div><div class=\"wpb_column vc_column_container\"><div class=\"vc_column-inner\">\n<div class=\"wpcf7 no-js\" id=\"wpcf7-f284-o1\" lang=\"fr-FR\" dir=\"ltr\" data-wpcf7-id=\"284\">\n<div class=\"screen-reader-response\"><p role=\"status\" aria-live=\"polite\" aria-atomic=\"true\"><\/p> <ul><\/ul><\/div>\n<form action=\"\/fr\/wp-json\/wp\/v2\/pages\/247#wpcf7-f284-o1\" method=\"post\" class=\"wpcf7-form init\" aria-label=\"Formulaire de contact\" novalidate=\"novalidate\" data-status=\"init\">\n<fieldset class=\"hidden-fields-container\"><input type=\"hidden\" name=\"_wpcf7\" value=\"284\" \/><input type=\"hidden\" name=\"_wpcf7_version\" value=\"6.1.4\" \/><input type=\"hidden\" name=\"_wpcf7_locale\" value=\"fr_FR\" \/><input type=\"hidden\" name=\"_wpcf7_unit_tag\" value=\"wpcf7-f284-o1\" \/><input type=\"hidden\" name=\"_wpcf7_container_post\" value=\"0\" \/><input type=\"hidden\" name=\"_wpcf7_posted_data_hash\" value=\"\" \/>\n<\/fieldset>\n<p><label> Nom et pr\u00e9nom<br \/>\n<span class=\"wpcf7-form-control-wrap\" data-name=\"your-name\"><input size=\"40\" maxlength=\"400\" class=\"wpcf7-form-control wpcf7-text wpcf7-validates-as-required\" autocomplete=\"name\" aria-required=\"true\" aria-invalid=\"false\" value=\"\" type=\"text\" name=\"your-name\" \/><\/span> <\/label>\n<\/p>\n<p><label> E-mail<br \/>\n<span class=\"wpcf7-form-control-wrap\" data-name=\"your-email\"><input size=\"40\" maxlength=\"400\" class=\"wpcf7-form-control wpcf7-email wpcf7-validates-as-required wpcf7-text wpcf7-validates-as-email\" autocomplete=\"email\" aria-required=\"true\" aria-invalid=\"false\" value=\"\" type=\"email\" name=\"your-email\" \/><\/span> <\/label>\n<\/p>\n<p><label> T\u00e9l\u00e9phone<br \/>\n<span class=\"wpcf7-form-control-wrap\" data-name=\"tel-906\"><input size=\"40\" maxlength=\"400\" class=\"wpcf7-form-control wpcf7-tel wpcf7-validates-as-required wpcf7-text wpcf7-validates-as-tel\" aria-required=\"true\" aria-invalid=\"false\" value=\"\" type=\"tel\" name=\"tel-906\" \/><\/span> <\/label>\n<\/p>\n<p><label> Entreprise<br \/>\n<span class=\"wpcf7-form-control-wrap\" data-name=\"your-company\"><input size=\"40\" maxlength=\"400\" class=\"wpcf7-form-control wpcf7-text wpcf7-validates-as-required\" aria-required=\"true\" aria-invalid=\"false\" value=\"\" type=\"text\" name=\"your-company\" \/><\/span> <\/label>\n<\/p>\n<p><label> Demande (facultatif)<br \/>\n<span class=\"wpcf7-form-control-wrap\" data-name=\"your-message\"><textarea cols=\"40\" rows=\"10\" maxlength=\"2000\" class=\"wpcf7-form-control wpcf7-textarea\" aria-invalid=\"false\" name=\"your-message\"><\/textarea><\/span> <\/label>\n<\/p>\n<p>Question de s\u00e9curit\u00e9 anti-SPAM<br \/>\n<span class=\"wpcf7-form-control-wrap\" data-name=\"quiz-477\"><label><span class=\"wpcf7-quiz-label\">La capitale de la France ?<\/span> <input size=\"40\" class=\"wpcf7-form-control wpcf7-quiz\" autocomplete=\"off\" aria-required=\"true\" aria-invalid=\"false\" type=\"text\" name=\"quiz-477\" \/><\/label><input type=\"hidden\" name=\"_wpcf7_quiz_answer_quiz-477\" value=\"0721e890a9f7b504d688c22245ed79db\" \/><\/span>\n<\/p>\n<p><input class=\"wpcf7-form-control wpcf7-submit has-spinner\" type=\"submit\" value=\"Envoyer\" \/>\n<\/p><div class=\"wpcf7-response-output\" aria-hidden=\"true\"><\/div>\n<\/form>\n<\/div>\n<\/div><\/div><\/div><\/div><\/section>\n","protected":false},"excerpt":{"rendered":"Qui sommes-nous Nous sommes une entreprise sp\u00e9cialis\u00e9e dans la r\u00e9paration, la maintenance et la gestion durable des \u00e9quipements logistiques et dans le recyclage des mat\u00e9riaux plastiques.Nous nous adressons aux acteurs de la grande distribution, de la distribution, de l&rsquo;industrie et du secteur alimentaire, en offrant un support technique fiable, flexible et orient\u00e9 r\u00e9sultats. Notre philosophie...","protected":false},"author":1,"featured_media":0,"parent":0,"menu_order":0,"comment_status":"closed","ping_status":"closed","template":"","meta":{"footnotes":""},"class_list":["post-247","page","type-page","status-publish","hentry"],"yoast_head":"<!-- This site is optimized with the Yoast SEO plugin v26.3 - https:\/\/yoast.com\/wordpress\/plugins\/seo\/ -->\n<title>Qui sommes-nous - smaltimento e recupero contenitori iso termici e carrelli roll<\/title>\n<meta name=\"robots\" content=\"index, follow, max-snippet:-1, max-image-preview:large, max-video-preview:-1\" \/>\n<link rel=\"canonical\" href=\"https:\/\/cattozzo.it\/fr\/qui-sommes-nous\/\" \/>\n<meta property=\"og:locale\" content=\"fr_FR\" \/>\n<meta property=\"og:type\" content=\"article\" \/>\n<meta property=\"og:title\" content=\"Qui sommes-nous - smaltimento e recupero contenitori iso termici e carrelli roll\" \/>\n<meta property=\"og:url\" content=\"https:\/\/cattozzo.it\/fr\/qui-sommes-nous\/\" \/>\n<meta property=\"og:site_name\" content=\"smaltimento e recupero contenitori iso termici e carrelli roll\" \/>\n<meta property=\"article:publisher\" content=\"https:\/\/www.facebook.com\/people\/Multiservice-SRLS-Unipersonale\/100063610356554\/\" \/>\n<meta property=\"article:modified_time\" content=\"2026-01-16T10:09:55+00:00\" \/>\n<meta name=\"twitter:card\" content=\"summary_large_image\" \/>\n<meta name=\"twitter:label1\" content=\"Dur\u00e9e de lecture estim\u00e9e\" \/>\n\t<meta name=\"twitter:data1\" content=\"4 minutes\" \/>\n<script type=\"application\/ld+json\" class=\"yoast-schema-graph\">{\"@context\":\"https:\/\/schema.org\",\"@graph\":[{\"@type\":\"WebPage\",\"@id\":\"https:\/\/cattozzo.it\/fr\/qui-sommes-nous\/\",\"url\":\"https:\/\/cattozzo.it\/fr\/qui-sommes-nous\/\",\"name\":\"Qui sommes-nous - smaltimento e recupero contenitori iso termici e carrelli roll\",\"isPartOf\":{\"@id\":\"https:\/\/cattozzo.it\/fr\/#website\"},\"datePublished\":\"2025-11-06T17:24:04+00:00\",\"dateModified\":\"2026-01-16T10:09:55+00:00\",\"breadcrumb\":{\"@id\":\"https:\/\/cattozzo.it\/fr\/qui-sommes-nous\/#breadcrumb\"},\"inLanguage\":\"fr-FR\",\"potentialAction\":[{\"@type\":\"ReadAction\",\"target\":[\"https:\/\/cattozzo.it\/fr\/qui-sommes-nous\/\"]}]},{\"@type\":\"BreadcrumbList\",\"@id\":\"https:\/\/cattozzo.it\/fr\/qui-sommes-nous\/#breadcrumb\",\"itemListElement\":[{\"@type\":\"ListItem\",\"position\":1,\"name\":\"Home\",\"item\":\"https:\/\/cattozzo.it\/fr\/accueil\/\"},{\"@type\":\"ListItem\",\"position\":2,\"name\":\"Qui sommes-nous\"}]},{\"@type\":\"WebSite\",\"@id\":\"https:\/\/cattozzo.it\/fr\/#website\",\"url\":\"https:\/\/cattozzo.it\/fr\/\",\"name\":\"Riciclo e recupero\",\"description\":\"\",\"publisher\":{\"@id\":\"https:\/\/cattozzo.it\/fr\/#organization\"},\"potentialAction\":[{\"@type\":\"SearchAction\",\"target\":{\"@type\":\"EntryPoint\",\"urlTemplate\":\"https:\/\/cattozzo.it\/fr\/?s={search_term_string}\"},\"query-input\":{\"@type\":\"PropertyValueSpecification\",\"valueRequired\":true,\"valueName\":\"search_term_string\"}}],\"inLanguage\":\"fr-FR\"},{\"@type\":\"Organization\",\"@id\":\"https:\/\/cattozzo.it\/fr\/#organization\",\"name\":\"Cattozzo Multiservice Srls\",\"url\":\"https:\/\/cattozzo.it\/fr\/\",\"logo\":{\"@type\":\"ImageObject\",\"inLanguage\":\"fr-FR\",\"@id\":\"https:\/\/cattozzo.it\/fr\/#\/schema\/logo\/image\/\",\"url\":\"https:\/\/cattozzo.it\/wp-content\/uploads\/2025\/09\/1_logo-Multiservice1.png\",\"contentUrl\":\"https:\/\/cattozzo.it\/wp-content\/uploads\/2025\/09\/1_logo-Multiservice1.png\",\"width\":300,\"height\":105,\"caption\":\"Cattozzo Multiservice Srls\"},\"image\":{\"@id\":\"https:\/\/cattozzo.it\/fr\/#\/schema\/logo\/image\/\"},\"sameAs\":[\"https:\/\/www.facebook.com\/people\/Multiservice-SRLS-Unipersonale\/100063610356554\/\"]}]}<\/script>\n<!-- \/ Yoast SEO plugin. -->","yoast_head_json":{"title":"Qui sommes-nous - smaltimento e recupero contenitori iso termici e carrelli roll","robots":{"index":"index","follow":"follow","max-snippet":"max-snippet:-1","max-image-preview":"max-image-preview:large","max-video-preview":"max-video-preview:-1"},"canonical":"https:\/\/cattozzo.it\/fr\/qui-sommes-nous\/","og_locale":"fr_FR","og_type":"article","og_title":"Qui sommes-nous - smaltimento e recupero contenitori iso termici e carrelli roll","og_url":"https:\/\/cattozzo.it\/fr\/qui-sommes-nous\/","og_site_name":"smaltimento e recupero contenitori iso termici e carrelli roll","article_publisher":"https:\/\/www.facebook.com\/people\/Multiservice-SRLS-Unipersonale\/100063610356554\/","article_modified_time":"2026-01-16T10:09:55+00:00","twitter_card":"summary_large_image","twitter_misc":{"Dur\u00e9e de lecture estim\u00e9e":"4 minutes"},"schema":{"@context":"https:\/\/schema.org","@graph":[{"@type":"WebPage","@id":"https:\/\/cattozzo.it\/fr\/qui-sommes-nous\/","url":"https:\/\/cattozzo.it\/fr\/qui-sommes-nous\/","name":"Qui sommes-nous - smaltimento e recupero contenitori iso termici e carrelli roll","isPartOf":{"@id":"https:\/\/cattozzo.it\/fr\/#website"},"datePublished":"2025-11-06T17:24:04+00:00","dateModified":"2026-01-16T10:09:55+00:00","breadcrumb":{"@id":"https:\/\/cattozzo.it\/fr\/qui-sommes-nous\/#breadcrumb"},"inLanguage":"fr-FR","potentialAction":[{"@type":"ReadAction","target":["https:\/\/cattozzo.it\/fr\/qui-sommes-nous\/"]}]},{"@type":"BreadcrumbList","@id":"https:\/\/cattozzo.it\/fr\/qui-sommes-nous\/#breadcrumb","itemListElement":[{"@type":"ListItem","position":1,"name":"Home","item":"https:\/\/cattozzo.it\/fr\/accueil\/"},{"@type":"ListItem","position":2,"name":"Qui sommes-nous"}]},{"@type":"WebSite","@id":"https:\/\/cattozzo.it\/fr\/#website","url":"https:\/\/cattozzo.it\/fr\/","name":"Riciclo e recupero","description":"","publisher":{"@id":"https:\/\/cattozzo.it\/fr\/#organization"},"potentialAction":[{"@type":"SearchAction","target":{"@type":"EntryPoint","urlTemplate":"https:\/\/cattozzo.it\/fr\/?s={search_term_string}"},"query-input":{"@type":"PropertyValueSpecification","valueRequired":true,"valueName":"search_term_string"}}],"inLanguage":"fr-FR"},{"@type":"Organization","@id":"https:\/\/cattozzo.it\/fr\/#organization","name":"Cattozzo Multiservice Srls","url":"https:\/\/cattozzo.it\/fr\/","logo":{"@type":"ImageObject","inLanguage":"fr-FR","@id":"https:\/\/cattozzo.it\/fr\/#\/schema\/logo\/image\/","url":"https:\/\/cattozzo.it\/wp-content\/uploads\/2025\/09\/1_logo-Multiservice1.png","contentUrl":"https:\/\/cattozzo.it\/wp-content\/uploads\/2025\/09\/1_logo-Multiservice1.png","width":300,"height":105,"caption":"Cattozzo Multiservice Srls"},"image":{"@id":"https:\/\/cattozzo.it\/fr\/#\/schema\/logo\/image\/"},"sameAs":["https:\/\/www.facebook.com\/people\/Multiservice-SRLS-Unipersonale\/100063610356554\/"]}]}},"_links":{"self":[{"href":"https:\/\/cattozzo.it\/fr\/wp-json\/wp\/v2\/pages\/247","targetHints":{"allow":["GET"]}}],"collection":[{"href":"https:\/\/cattozzo.it\/fr\/wp-json\/wp\/v2\/pages"}],"about":[{"href":"https:\/\/cattozzo.it\/fr\/wp-json\/wp\/v2\/types\/page"}],"author":[{"embeddable":true,"href":"https:\/\/cattozzo.it\/fr\/wp-json\/wp\/v2\/users\/1"}],"replies":[{"embeddable":true,"href":"https:\/\/cattozzo.it\/fr\/wp-json\/wp\/v2\/comments?post=247"}],"version-history":[{"count":3,"href":"https:\/\/cattozzo.it\/fr\/wp-json\/wp\/v2\/pages\/247\/revisions"}],"predecessor-version":[{"id":250,"href":"https:\/\/cattozzo.it\/fr\/wp-json\/wp\/v2\/pages\/247\/revisions\/250"}],"wp:attachment":[{"href":"https:\/\/cattozzo.it\/fr\/wp-json\/wp\/v2\/media?parent=247"}],"curies":[{"name":"wp","href":"https:\/\/api.w.org\/{rel}","templated":true}]}}